{"id":117,"date":"2015-07-19T12:10:38","date_gmt":"2015-07-19T10:10:38","guid":{"rendered":"http:\/\/www.pvs-feldschloesschen.ch\/?page_id=117"},"modified":"2020-01-16T13:27:15","modified_gmt":"2020-01-16T12:27:15","slug":"sparkonten","status":"publish","type":"page","link":"https:\/\/www.pvs-feldschloesschen.ch\/de\/beitraege-leistungen\/sparkonten\/","title":{"rendered":"Sparkonto"},"content":{"rendered":"<p>F\u00fcr jede versicherte Person wird am 1. Januar nach dem 19. Geburtstag ein individuelles Sparkonto f\u00fcr die Altersvorsorge er\u00f6ffnet. Das Altersguthaben (Sparguthaben) setzt sich aus folgenden Bestandteilen zusammen:<\/p>\n<ul>\n<li>Einem Guthaben (Freiz\u00fcgigkeitsleistungen), das aus fr\u00fcheren Vorsorgeverh\u00e4ltnissen stammt und beim Eintritt in die Pensionskasse eingebracht wird.<\/li>\n<li>Freiwilligen Einzahlungen, sogenannten Eink\u00e4ufen, zur Erh\u00f6hung des eigenen Vorsorgeschutzes.<\/li>\n<li>Altersbeitr\u00e4gen gem\u00e4ss der Tabelle im Anhang zum Reglement der Vorsorgeeinrichtung.<\/li>\n<li>Zinsen<\/li>\n<\/ul>\n<p>Der Stiftungsrat entscheidet j\u00e4hrlich \u00fcber die Verzinsung der Altersguthaben. Der Zinssatz entspricht in der Regel dem vom Bundesrat festgelegten Mindestzinssatz. Das Ziel ist eine Verzinsung in einer H\u00f6he, die der Situation auf den Anlagem\u00e4rkten entspricht und im Interesse der Versicherten die Gesunderhaltung der finanziellen Struktur der Vorsorgestiftung erlaubt.<\/p>\n","protected":false},"excerpt":{"rendered":"<p>F\u00fcr jede versicherte Person wird am 1. Januar nach dem 19. Geburtstag ein individuelles Sparkonto f\u00fcr die Altersvorsorge er\u00f6ffnet. Das Altersguthaben (Sparguthaben) setzt sich aus folgenden Bestandteilen zusammen: Einem Guthaben (Freiz\u00fcgigkeitsleistungen), das aus fr\u00fcheren Vorsorgeverh\u00e4ltnissen stammt und beim Eintritt in die Pensionskasse eingebracht wird. Freiwilligen Einzahlungen, sogenannten Eink\u00e4ufen, zur Erh\u00f6hung des eigenen Vorsorgeschutzes. Altersbeitr\u00e4gen gem\u00e4ss [&hellip;]<\/p>\n","protected":false},"author":1,"featured_media":62,"parent":21,"menu_order":104,"comment_status":"closed","ping_status":"closed","template":"","meta":{"_acf_changed":false,"footnotes":""},"class_list":["post-117","page","type-page","status-publish","has-post-thumbnail","hentry"],"acf":[],"_links":{"self":[{"href":"https:\/\/www.pvs-feldschloesschen.ch\/de\/wp-json\/wp\/v2\/pages\/117","targetHints":{"allow":["GET"]}}],"collection":[{"href":"https:\/\/www.pvs-feldschloesschen.ch\/de\/wp-json\/wp\/v2\/pages"}],"about":[{"href":"https:\/\/www.pvs-feldschloesschen.ch\/de\/wp-json\/wp\/v2\/types\/page"}],"author":[{"embeddable":true,"href":"https:\/\/www.pvs-feldschloesschen.ch\/de\/wp-json\/wp\/v2\/users\/1"}],"replies":[{"embeddable":true,"href":"https:\/\/www.pvs-feldschloesschen.ch\/de\/wp-json\/wp\/v2\/comments?post=117"}],"version-history":[{"count":4,"href":"https:\/\/www.pvs-feldschloesschen.ch\/de\/wp-json\/wp\/v2\/pages\/117\/revisions"}],"predecessor-version":[{"id":1851,"href":"https:\/\/www.pvs-feldschloesschen.ch\/de\/wp-json\/wp\/v2\/pages\/117\/revisions\/1851"}],"up":[{"embeddable":true,"href":"https:\/\/www.pvs-feldschloesschen.ch\/de\/wp-json\/wp\/v2\/pages\/21"}],"wp:featuredmedia":[{"embeddable":true,"href":"https:\/\/www.pvs-feldschloesschen.ch\/de\/wp-json\/wp\/v2\/media\/62"}],"wp:attachment":[{"href":"https:\/\/www.pvs-feldschloesschen.ch\/de\/wp-json\/wp\/v2\/media?parent=117"}],"curies":[{"name":"wp","href":"https:\/\/api.w.org\/{rel}","templated":true}]}}