{"id":119,"date":"2015-07-19T12:13:57","date_gmt":"2015-07-19T10:13:57","guid":{"rendered":"http:\/\/www.pvs-feldschloesschen.ch\/?page_id=119"},"modified":"2023-12-25T14:43:49","modified_gmt":"2023-12-25T13:43:49","slug":"pensionierung-altersleistung","status":"publish","type":"page","link":"https:\/\/www.pvs-feldschloesschen.ch\/de\/beitraege-leistungen\/pensionierung-altersleistung\/","title":{"rendered":"Pensionierung &#038; Altersleistung"},"content":{"rendered":"<p>Das zentrale Element jeder Pensionskasse bilden die Leistungen, auf die Sie im Alter lebensl\u00e4nglich Anspruch haben. Das Referenzalter wird am Monatsersten nach Vollendung des 65. Altersjahres erreicht. Eine vorzeitige Pensionierung ist ab 58 Jahren m\u00f6glich. Eine freiwillige Weiterversicherung, falls Sie \u00fcber das Referenzalter hinaus erwerbst\u00e4tig bleiben, ist bis zum 70. Altersjahr m\u00f6glich.<\/p>\n<p>Die H\u00f6he Ihrer lebenslangen Altersrente richtet sich nach dem zum Zeitpunkt der ordentlichen oder vorzeitigen Pensionierung vorhandenen Altersguthaben und dem zu diesem Zeitpunkt g\u00fcltigen Umwandlungssatz. Das folgende Berechnungsbeispiel geht von einer Pensionierung im Referenzalter aus:<\/p>\n<ul>\n<li>Altersguthaben x Umwandlungssatz = j\u00e4hrliche Altersrente<\/li>\n<li>500 000 SFr. x 5,1 % = 25 500 SFr.<\/li>\n<\/ul>\n<p>Anstatt lebenslang eine Altersrente zu beziehen, k\u00f6nnen Sie sich Ihr ganzes Altersguthaben oder einen Teil davon ausbezahlen lassen. Diese M\u00f6glichkeit besteht fr\u00fchestens am Monatsersten nach Vollendung des 58. Altersjahres und muss der Vorsorgestiftung der Feldschl\u00f6sschen-Getr\u00e4nkegruppe zwei Monate zuvor schriftlich mitgeteilt werden. Falls Sie davon Gebrauch machen m\u00f6chten, stellen wir Ihnen ein Formular zur Anmeldung Ihres Anspruchs auf Anfrage gerne zu. Nach Ihrer Pensionierung entf\u00e4llt diese Wahlm\u00f6glichkeit.<\/p>\n<p>Die Rente f\u00fcr hinterbliebene Ehegatten oder uns gemeldete Partner, im Falle Ihres Todes nach der Pensionierung, betr\u00e4gt 70 Prozent Ihrer Altersrente. Hinterbliebene Kinder erhalten eine Rente in der H\u00f6he von 20 Prozent der Altersrente bis zum 18. Lebensjahr, falls sie sich in Ausbildung befinden bis zum 25. Lebensjahr.<\/p>\n","protected":false},"excerpt":{"rendered":"<p>Das zentrale Element jeder Pensionskasse bilden die Leistungen, auf die Sie im Alter lebensl\u00e4nglich Anspruch haben. Das Referenzalter wird am Monatsersten nach Vollendung des 65. Altersjahres erreicht. Eine vorzeitige Pensionierung ist ab 58 Jahren m\u00f6glich. Eine freiwillige Weiterversicherung, falls Sie \u00fcber das Referenzalter hinaus erwerbst\u00e4tig bleiben, ist bis zum 70. Altersjahr m\u00f6glich. Die H\u00f6he Ihrer [&hellip;]<\/p>\n","protected":false},"author":1,"featured_media":58,"parent":21,"menu_order":106,"comment_status":"closed","ping_status":"closed","template":"","meta":{"_acf_changed":false,"footnotes":""},"class_list":["post-119","page","type-page","status-publish","has-post-thumbnail","hentry"],"acf":[],"_links":{"self":[{"href":"https:\/\/www.pvs-feldschloesschen.ch\/de\/wp-json\/wp\/v2\/pages\/119","targetHints":{"allow":["GET"]}}],"collection":[{"href":"https:\/\/www.pvs-feldschloesschen.ch\/de\/wp-json\/wp\/v2\/pages"}],"about":[{"href":"https:\/\/www.pvs-feldschloesschen.ch\/de\/wp-json\/wp\/v2\/types\/page"}],"author":[{"embeddable":true,"href":"https:\/\/www.pvs-feldschloesschen.ch\/de\/wp-json\/wp\/v2\/users\/1"}],"replies":[{"embeddable":true,"href":"https:\/\/www.pvs-feldschloesschen.ch\/de\/wp-json\/wp\/v2\/comments?post=119"}],"version-history":[{"count":9,"href":"https:\/\/www.pvs-feldschloesschen.ch\/de\/wp-json\/wp\/v2\/pages\/119\/revisions"}],"predecessor-version":[{"id":3306,"href":"https:\/\/www.pvs-feldschloesschen.ch\/de\/wp-json\/wp\/v2\/pages\/119\/revisions\/3306"}],"up":[{"embeddable":true,"href":"https:\/\/www.pvs-feldschloesschen.ch\/de\/wp-json\/wp\/v2\/pages\/21"}],"wp:featuredmedia":[{"embeddable":true,"href":"https:\/\/www.pvs-feldschloesschen.ch\/de\/wp-json\/wp\/v2\/media\/58"}],"wp:attachment":[{"href":"https:\/\/www.pvs-feldschloesschen.ch\/de\/wp-json\/wp\/v2\/media?parent=119"}],"curies":[{"name":"wp","href":"https:\/\/api.w.org\/{rel}","templated":true}]}}