{"id":121,"date":"2015-07-19T12:14:49","date_gmt":"2015-07-19T10:14:49","guid":{"rendered":"http:\/\/www.pvs-feldschloesschen.ch\/?page_id=121"},"modified":"2015-08-14T16:04:36","modified_gmt":"2015-08-14T14:04:36","slug":"risikoleistungen-invaliditaet-tod","status":"publish","type":"page","link":"https:\/\/www.pvs-feldschloesschen.ch\/de\/beitraege-leistungen\/risikoleistungen-invaliditaet-tod\/","title":{"rendered":"Risikoleistungen (Invalidit\u00e4t &#038; Tod)"},"content":{"rendered":"<p>Die Personalvorsorgestiftung der Feldschl\u00f6sschen-Getr\u00e4nkegruppe deckt die Risiken Tod und Invalidit\u00e4t, wenn sie vor der Pensionierung eintreten. Bei Invalidit\u00e4t sind folgende Leistungen versichert:<\/p>\n<ul>\n<li>Die Invalidenrente betr\u00e4gt maximal 70 Prozent des versicherten Lohnes, abh\u00e4ngig vom Grad der Invalidit\u00e4t.<\/li>\n<li>Die Invaliden-Kinderrente betr\u00e4gt 12 Prozent des versicherten Lohnes. Sie wird im Falle von Invalidit\u00e4t an Ihre Kinder bis zum 18. Geburtstag ausbezahlt, an Ihre Kinder in Ausbildung bis zum 25. Geburtstag.<\/li>\n<\/ul>\n<p>Bei Ihrem Tod vor der Pensionierung erbringt die Personalvorsorgestiftung der Feldschl\u00f6sschen-Getr\u00e4nkegruppe diese Leistungen:<\/p>\n<ul>\n<li>Hinterbliebene Ehegatten oder Lebenspartner erhalten eine Rente in der H\u00f6he von 50 Prozent des versicherten Lohnes. Ihr hinterbliebener Ehegatte, der eingetragene Partner oder der Pensionskasse schriftlich gemeldete Lebenspartner hat Anspruch auf eine Rente oder ein Todesfallkapital. Falls sich Ihr hinterbliebener Partner erneut verheiratet, erh\u00e4lt er keine Rentenzahlungen mehr.<\/li>\n<li>Die Waisenrente betr\u00e4gt 12 Prozent des versicherten Lohnes. Sie wird Kindern bis zum 18. Geburtstag ausbezahlt, Kindern in Ausbildung bis zum 25. Geburtstag.<\/li>\n<\/ul>\n<p>Im Falle Ihres Todes nach der Pensionierung kommen nicht die Risikoleistungen zum Zuge, sondern die Altersleistungen.<\/p>\n","protected":false},"excerpt":{"rendered":"<p>Die Personalvorsorgestiftung der Feldschl\u00f6sschen-Getr\u00e4nkegruppe deckt die Risiken Tod und Invalidit\u00e4t, wenn sie vor der Pensionierung eintreten. Bei Invalidit\u00e4t sind folgende Leistungen versichert: Die Invalidenrente betr\u00e4gt maximal 70 Prozent des versicherten Lohnes, abh\u00e4ngig vom Grad der Invalidit\u00e4t. Die Invaliden-Kinderrente betr\u00e4gt 12 Prozent des versicherten Lohnes. Sie wird im Falle von Invalidit\u00e4t an Ihre Kinder bis zum [&hellip;]<\/p>\n","protected":false},"author":1,"featured_media":68,"parent":21,"menu_order":107,"comment_status":"closed","ping_status":"closed","template":"","meta":{"_acf_changed":false,"footnotes":""},"class_list":["post-121","page","type-page","status-publish","has-post-thumbnail","hentry"],"acf":[],"_links":{"self":[{"href":"https:\/\/www.pvs-feldschloesschen.ch\/de\/wp-json\/wp\/v2\/pages\/121","targetHints":{"allow":["GET"]}}],"collection":[{"href":"https:\/\/www.pvs-feldschloesschen.ch\/de\/wp-json\/wp\/v2\/pages"}],"about":[{"href":"https:\/\/www.pvs-feldschloesschen.ch\/de\/wp-json\/wp\/v2\/types\/page"}],"author":[{"embeddable":true,"href":"https:\/\/www.pvs-feldschloesschen.ch\/de\/wp-json\/wp\/v2\/users\/1"}],"replies":[{"embeddable":true,"href":"https:\/\/www.pvs-feldschloesschen.ch\/de\/wp-json\/wp\/v2\/comments?post=121"}],"version-history":[{"count":2,"href":"https:\/\/www.pvs-feldschloesschen.ch\/de\/wp-json\/wp\/v2\/pages\/121\/revisions"}],"predecessor-version":[{"id":194,"href":"https:\/\/www.pvs-feldschloesschen.ch\/de\/wp-json\/wp\/v2\/pages\/121\/revisions\/194"}],"up":[{"embeddable":true,"href":"https:\/\/www.pvs-feldschloesschen.ch\/de\/wp-json\/wp\/v2\/pages\/21"}],"wp:featuredmedia":[{"embeddable":true,"href":"https:\/\/www.pvs-feldschloesschen.ch\/de\/wp-json\/wp\/v2\/media\/68"}],"wp:attachment":[{"href":"https:\/\/www.pvs-feldschloesschen.ch\/de\/wp-json\/wp\/v2\/media?parent=121"}],"curies":[{"name":"wp","href":"https:\/\/api.w.org\/{rel}","templated":true}]}}