{"id":123,"date":"2015-07-19T12:15:25","date_gmt":"2015-07-19T10:15:25","guid":{"rendered":"http:\/\/www.pvs-feldschloesschen.ch\/?page_id=123"},"modified":"2015-08-14T16:06:00","modified_gmt":"2015-08-14T14:06:00","slug":"wohneigentumsfoerderung","status":"publish","type":"page","link":"https:\/\/www.pvs-feldschloesschen.ch\/de\/beitraege-leistungen\/wohneigentumsfoerderung\/","title":{"rendered":"Wohneigentumsf\u00f6rderung"},"content":{"rendered":"<p>Das Bundesgesetz \u00fcber die berufliche Alters-, Hinterlassenen- und Invalidenvorsorge (BVG) f\u00f6rdert den Kauf von Wohneigentum. Das bedeutet, dass Sie Ihr Pensionskassenguthaben f\u00fcr den Erwerb von Wohneigentum, den Bau eines Eigenheims oder zur R\u00fcckzahlung von Hypothekardarlehen vorbeziehen k\u00f6nnen.<\/p>\n<p>Jede versicherte Person, die \u00fcber ein Guthaben von mindestens 20 000 SFr. auf dem Alterskonto verf\u00fcgt, darf einen Betrag bis zur H\u00f6he des Pensionskassenguthabens f\u00fcr selbst genutztes Wohneigentum vorbeziehen oder verpf\u00e4nden, das heisst bei einer Bank als Sicherheit angeben. Ab dem 50. Geburtstag ist die H\u00f6he dieses Betrages gesetzlich beschr\u00e4nkt.<\/p>\n<p>Bei einem Vorbezug wird Ihr Altersguthaben gem\u00e4ss dem Reglement der Personalvorsorgestiftung der Feldschl\u00f6sschen-Getr\u00e4nkegruppe gek\u00fcrzt. Entsprechend geringer sind die Leistungen, auf die Sie beim Erreichen des R\u00fccktrittsalters Anspruch haben. Die Risikoleistungen im Falle einer Invalidit\u00e4t oder Ihres Todes sind von einer solchen K\u00fcrzung nicht betroffen.<\/p>\n<p>W\u00e4hrend Ihr Alterssparguthaben nicht besteuert wird, gilt f\u00fcr einen vorbezogenen Betrag in der Schweiz im ersten Jahr der reduzierte Steuersatz f\u00fcr Kapitalleistungen; danach wird er als Teil des Verm\u00f6gens behandelt.<\/p>\n","protected":false},"excerpt":{"rendered":"<p>Das Bundesgesetz \u00fcber die berufliche Alters-, Hinterlassenen- und Invalidenvorsorge (BVG) f\u00f6rdert den Kauf von Wohneigentum. Das bedeutet, dass Sie Ihr Pensionskassenguthaben f\u00fcr den Erwerb von Wohneigentum, den Bau eines Eigenheims oder zur R\u00fcckzahlung von Hypothekardarlehen vorbeziehen k\u00f6nnen. Jede versicherte Person, die \u00fcber ein Guthaben von mindestens 20 000 SFr. auf dem Alterskonto verf\u00fcgt, darf einen [&hellip;]<\/p>\n","protected":false},"author":1,"featured_media":59,"parent":21,"menu_order":108,"comment_status":"closed","ping_status":"closed","template":"","meta":{"_acf_changed":false,"footnotes":""},"class_list":["post-123","page","type-page","status-publish","has-post-thumbnail","hentry"],"acf":[],"_links":{"self":[{"href":"https:\/\/www.pvs-feldschloesschen.ch\/de\/wp-json\/wp\/v2\/pages\/123","targetHints":{"allow":["GET"]}}],"collection":[{"href":"https:\/\/www.pvs-feldschloesschen.ch\/de\/wp-json\/wp\/v2\/pages"}],"about":[{"href":"https:\/\/www.pvs-feldschloesschen.ch\/de\/wp-json\/wp\/v2\/types\/page"}],"author":[{"embeddable":true,"href":"https:\/\/www.pvs-feldschloesschen.ch\/de\/wp-json\/wp\/v2\/users\/1"}],"replies":[{"embeddable":true,"href":"https:\/\/www.pvs-feldschloesschen.ch\/de\/wp-json\/wp\/v2\/comments?post=123"}],"version-history":[{"count":2,"href":"https:\/\/www.pvs-feldschloesschen.ch\/de\/wp-json\/wp\/v2\/pages\/123\/revisions"}],"predecessor-version":[{"id":195,"href":"https:\/\/www.pvs-feldschloesschen.ch\/de\/wp-json\/wp\/v2\/pages\/123\/revisions\/195"}],"up":[{"embeddable":true,"href":"https:\/\/www.pvs-feldschloesschen.ch\/de\/wp-json\/wp\/v2\/pages\/21"}],"wp:featuredmedia":[{"embeddable":true,"href":"https:\/\/www.pvs-feldschloesschen.ch\/de\/wp-json\/wp\/v2\/media\/59"}],"wp:attachment":[{"href":"https:\/\/www.pvs-feldschloesschen.ch\/de\/wp-json\/wp\/v2\/media?parent=123"}],"curies":[{"name":"wp","href":"https:\/\/api.w.org\/{rel}","templated":true}]}}