{"id":125,"date":"2015-07-19T12:15:52","date_gmt":"2015-07-19T10:15:52","guid":{"rendered":"http:\/\/www.pvs-feldschloesschen.ch\/?page_id=125"},"modified":"2016-02-05T15:22:25","modified_gmt":"2016-02-05T14:22:25","slug":"freiwillige-einkaeufe","status":"publish","type":"page","link":"https:\/\/www.pvs-feldschloesschen.ch\/de\/beitraege-leistungen\/freiwillige-einkaeufe\/","title":{"rendered":"Freiwillige Eink\u00e4ufe"},"content":{"rendered":"<p>Beitragsl\u00fccken auf Ihrem Sparkonto k\u00f6nnen Sie durch freiwillige Einzahlungen schliessen. Dies empfiehlt sich, wenn Sie von einer m\u00f6glichst umfassenden Vorsorge mit den damit verbundenen Vorteilen profitieren wollen; beispielsweise k\u00f6nnen Eink\u00e4ufe in der Regel steuerlich abgezogen werden. Mit freiwilligen Eink\u00e4ufen erh\u00f6hen Sie Ihre zuk\u00fcnftigen Altersleistungen. Die Gr\u00fcnde f\u00fcr fehlende Beitr\u00e4ge sind vielf\u00e4ltig:<\/p>\n<ul>\n<li>L\u00e4ngere Arbeitspausen entstehen zum Beispiel durch Kindererziehung, die Betreuung von Angeh\u00f6rigen oder Ausbildungen.<\/li>\n<li>W\u00e4hrend einer zeitweiligen selbst\u00e4ndigen T\u00e4tigkeit mussten Sie keine Pensionskassenbeitr\u00e4ge entrichten.<\/li>\n<li>Nach einer Scheidung besteht insbesondere bei Frauen h\u00e4ufig eine Vorsorgel\u00fccke.<\/li>\n<li>Sie wechseln auf ein h\u00f6heres Lohnniveau.<\/li>\n<li>Sie sind Zuz\u00fcger oder Zuz\u00fcgerin aus dem Ausland.<\/li>\n<\/ul>\n<p>Falls Sie freiwillige Beitr\u00e4ge einbezahlen, d\u00fcrfen Sie diese w\u00e4hrend dreier Jahre nicht in Form einer Kapitalleistung beziehen. Kapital, das Sie f\u00fcr den Erwerb von Wohneigentum vorbezogen haben, m\u00fcssen Sie vor einem freiwilligen Einkauf wieder vollst\u00e4ndig ausgleichen. Auch dieser Bereich der freiwilligen Eink\u00e4ufe ist im Bundesgesetz \u00fcber die berufliche Alters-, Hinterlassenen- und Invalidenvorsorge (BVG) geregelt.<\/p>\n<p><strong>Eink\u00e4ufe sind jederzeit m\u00f6glich, m\u00fcssen aber jeweils bis sp\u00e4testens Anfang Dezember eines Kalenderjahres erfolgen, um f\u00fcr das entsprechende Steuerjahr verarbeitet werden zu k\u00f6nnen.<\/strong><\/p>\n","protected":false},"excerpt":{"rendered":"<p>Beitragsl\u00fccken auf Ihrem Sparkonto k\u00f6nnen Sie durch freiwillige Einzahlungen schliessen. Dies empfiehlt sich, wenn Sie von einer m\u00f6glichst umfassenden Vorsorge mit den damit verbundenen Vorteilen profitieren wollen; beispielsweise k\u00f6nnen Eink\u00e4ufe in der Regel steuerlich abgezogen werden. Mit freiwilligen Eink\u00e4ufen erh\u00f6hen Sie Ihre zuk\u00fcnftigen Altersleistungen. Die Gr\u00fcnde f\u00fcr fehlende Beitr\u00e4ge sind vielf\u00e4ltig: L\u00e4ngere Arbeitspausen entstehen zum [&hellip;]<\/p>\n","protected":false},"author":1,"featured_media":70,"parent":21,"menu_order":110,"comment_status":"closed","ping_status":"closed","template":"","meta":{"_acf_changed":false,"footnotes":""},"class_list":["post-125","page","type-page","status-publish","has-post-thumbnail","hentry"],"acf":[],"_links":{"self":[{"href":"https:\/\/www.pvs-feldschloesschen.ch\/de\/wp-json\/wp\/v2\/pages\/125","targetHints":{"allow":["GET"]}}],"collection":[{"href":"https:\/\/www.pvs-feldschloesschen.ch\/de\/wp-json\/wp\/v2\/pages"}],"about":[{"href":"https:\/\/www.pvs-feldschloesschen.ch\/de\/wp-json\/wp\/v2\/types\/page"}],"author":[{"embeddable":true,"href":"https:\/\/www.pvs-feldschloesschen.ch\/de\/wp-json\/wp\/v2\/users\/1"}],"replies":[{"embeddable":true,"href":"https:\/\/www.pvs-feldschloesschen.ch\/de\/wp-json\/wp\/v2\/comments?post=125"}],"version-history":[{"count":3,"href":"https:\/\/www.pvs-feldschloesschen.ch\/de\/wp-json\/wp\/v2\/pages\/125\/revisions"}],"predecessor-version":[{"id":1011,"href":"https:\/\/www.pvs-feldschloesschen.ch\/de\/wp-json\/wp\/v2\/pages\/125\/revisions\/1011"}],"up":[{"embeddable":true,"href":"https:\/\/www.pvs-feldschloesschen.ch\/de\/wp-json\/wp\/v2\/pages\/21"}],"wp:featuredmedia":[{"embeddable":true,"href":"https:\/\/www.pvs-feldschloesschen.ch\/de\/wp-json\/wp\/v2\/media\/70"}],"wp:attachment":[{"href":"https:\/\/www.pvs-feldschloesschen.ch\/de\/wp-json\/wp\/v2\/media?parent=125"}],"curies":[{"name":"wp","href":"https:\/\/api.w.org\/{rel}","templated":true}]}}