{"id":127,"date":"2015-07-19T12:17:03","date_gmt":"2015-07-19T10:17:03","guid":{"rendered":"http:\/\/www.pvs-feldschloesschen.ch\/?page_id=127"},"modified":"2015-08-14T16:07:57","modified_gmt":"2015-08-14T14:07:57","slug":"austritt","status":"publish","type":"page","link":"https:\/\/www.pvs-feldschloesschen.ch\/de\/beitraege-leistungen\/austritt\/","title":{"rendered":"Austritt"},"content":{"rendered":"<p>Bei einem Wechsel der Arbeitsstelle m\u00fcssen Sie Ihr Sparguthaben, die sogenannte Freiz\u00fcgigkeitsleistung, an die Pensionskasse des neuen Arbeitgebers \u00fcberweisen lassen. Wenn Sie die Schweiz endg\u00fcltig verlassen oder eine selbst\u00e4ndige Erwerbst\u00e4tigkeit aufnehmen, k\u00f6nnen Sie sich Ihr Sparguthaben vollst\u00e4ndig ausbezahlen lassen.<\/p>\n<p>F\u00fcr die Ausbezahlung im Falle einer Ausreise aus der Schweiz gibt es eine Einschr\u00e4nkung: Wenn Sie sich in einem Mitgliedstaat der EU oder EFTA niederlassen, in dem die Risiken Alter, Invalidit\u00e4t und Tod \u00fcber die staatliche (nicht berufliche) Vorsorge gedeckt sind, k\u00f6nnen Sie sich nur Ihr \u00fcberobligatorisches Sparguthaben ausbezahlen lassen. Sie bleiben in diesem Fall mit einer zweiten S\u00e4ule weiterhin in der Schweiz versichert.<\/p>\n<p>Nachdem Sie sich \u00fcber ihre Personalabteilung von der Personalvorsorgestiftung der Feldschl\u00f6sschen-Getr\u00e4nkegruppe abgemeldet haben, erhalten Sie von uns folgende Unterlagen:<\/p>\n<ul>\n<li>Eine Austrittsabrechnung \u00fcber das vorhandene Sparguthaben.<\/li>\n<li>Ein Austrittsformular. Dieses sollten Sie uns ausgef\u00fcllt und mit den erforderlichen Beilagen wieder zustellen, damit wir die \u00dcberweisung Ihres Sparguthabens veranlassen k\u00f6nnen.<\/li>\n<\/ul>\n","protected":false},"excerpt":{"rendered":"<p>Bei einem Wechsel der Arbeitsstelle m\u00fcssen Sie Ihr Sparguthaben, die sogenannte Freiz\u00fcgigkeitsleistung, an die Pensionskasse des neuen Arbeitgebers \u00fcberweisen lassen. Wenn Sie die Schweiz endg\u00fcltig verlassen oder eine selbst\u00e4ndige Erwerbst\u00e4tigkeit aufnehmen, k\u00f6nnen Sie sich Ihr Sparguthaben vollst\u00e4ndig ausbezahlen lassen. F\u00fcr die Ausbezahlung im Falle einer Ausreise aus der Schweiz gibt es eine Einschr\u00e4nkung: Wenn Sie [&hellip;]<\/p>\n","protected":false},"author":1,"featured_media":69,"parent":21,"menu_order":112,"comment_status":"closed","ping_status":"closed","template":"","meta":{"_acf_changed":false,"footnotes":""},"class_list":["post-127","page","type-page","status-publish","has-post-thumbnail","hentry"],"acf":[],"_links":{"self":[{"href":"https:\/\/www.pvs-feldschloesschen.ch\/de\/wp-json\/wp\/v2\/pages\/127","targetHints":{"allow":["GET"]}}],"collection":[{"href":"https:\/\/www.pvs-feldschloesschen.ch\/de\/wp-json\/wp\/v2\/pages"}],"about":[{"href":"https:\/\/www.pvs-feldschloesschen.ch\/de\/wp-json\/wp\/v2\/types\/page"}],"author":[{"embeddable":true,"href":"https:\/\/www.pvs-feldschloesschen.ch\/de\/wp-json\/wp\/v2\/users\/1"}],"replies":[{"embeddable":true,"href":"https:\/\/www.pvs-feldschloesschen.ch\/de\/wp-json\/wp\/v2\/comments?post=127"}],"version-history":[{"count":2,"href":"https:\/\/www.pvs-feldschloesschen.ch\/de\/wp-json\/wp\/v2\/pages\/127\/revisions"}],"predecessor-version":[{"id":197,"href":"https:\/\/www.pvs-feldschloesschen.ch\/de\/wp-json\/wp\/v2\/pages\/127\/revisions\/197"}],"up":[{"embeddable":true,"href":"https:\/\/www.pvs-feldschloesschen.ch\/de\/wp-json\/wp\/v2\/pages\/21"}],"wp:featuredmedia":[{"embeddable":true,"href":"https:\/\/www.pvs-feldschloesschen.ch\/de\/wp-json\/wp\/v2\/media\/69"}],"wp:attachment":[{"href":"https:\/\/www.pvs-feldschloesschen.ch\/de\/wp-json\/wp\/v2\/media?parent=127"}],"curies":[{"name":"wp","href":"https:\/\/api.w.org\/{rel}","templated":true}]}}