{"id":27,"date":"2015-06-29T11:59:24","date_gmt":"2015-06-29T09:59:24","guid":{"rendered":"http:\/\/www.pvs-feldschloesschen.ch\/?page_id=27"},"modified":"2025-07-23T17:47:03","modified_gmt":"2025-07-23T15:47:03","slug":"leistungen-im-ueberblick","status":"publish","type":"page","link":"https:\/\/www.pvs-feldschloesschen.ch\/de\/beitraege-leistungen\/leistungen-im-ueberblick\/","title":{"rendered":"Leistungen im \u00dcberblick"},"content":{"rendered":"<p>Die Personalvorsorgestiftung der Feldschl\u00f6sschen-Getr\u00e4nkegruppe erbringt f\u00fcr die Mitarbeitenden der angeschlossenen Unternehmen folgende gesetzlich geregelte Leistungen:<\/p>\n<ul>\n<li>Sie sichert Ihre Altersrente oder gew\u00e4hrleistet alternativ eine Kapitalauszahlung in frei w\u00e4hlbarer H\u00f6he zum Zeitpunkt Ihrer Pensionierung.<\/li>\n<li>Sie sichert Renten oder eine flexible Kapitalauszahlung an Ihre Angeh\u00f6rigen im Falle Ihres Todes vor der Pensionierung.<\/li>\n<li>Sie bezahlt Renten im Falle von Invalidit\u00e4t.<\/li>\n<li>Falls Sie Wohneigentum erwerben m\u00f6chten, k\u00f6nnen Sie eine vorzeitige Kapitalauszahlung bis zu einem bestimmten, gesetzlich geregelten Maximalbetrag beantragen.<\/li>\n<li>Ihre Pensionskasse unterst\u00fctzt auch die Aufnahme einer selbst\u00e4ndigen Erwerbst\u00e4tigkeit mit der teilweisen oder vollst\u00e4ndigen Auszahlung des angesparten Kapitals.<\/li>\n<li>Im Falle einer definitiven Ausreise aus der Schweiz ist \u2013 mit gewissen Einschr\u00e4nkungen \u2013 ebenfalls eine Auszahlung des Sparkapitals, also des sogenannten Freiz\u00fcgigkeitsguthabens m\u00f6glich.<br \/>\n<a href=\"https:\/\/sfbvg.ch\/\" target=\"_blank\" rel=\"noopener\">Stiftung Sicherheitsfonds BVG: www.sfbvg.ch<\/a><\/li>\n<li>Bei einem Stellenwechsel sorgt sie f\u00fcr eine reibungslose Kapital\u00fcbertragung an die neue Pensionskasse.<\/li>\n<\/ul>\n<p>Wenn sich eine Kapitalauszahlung auf das gesamte Sparkapital erstreckt, bedeutet dies die Aufl\u00f6sung des Vertragsverh\u00e4ltnisses.<\/p>\n","protected":false},"excerpt":{"rendered":"<p>Die Personalvorsorgestiftung der Feldschl\u00f6sschen-Getr\u00e4nkegruppe erbringt f\u00fcr die Mitarbeitenden der angeschlossenen Unternehmen folgende gesetzlich geregelte Leistungen: Sie sichert Ihre Altersrente oder gew\u00e4hrleistet alternativ eine Kapitalauszahlung in frei w\u00e4hlbarer H\u00f6he zum Zeitpunkt Ihrer Pensionierung. Sie sichert Renten oder eine flexible Kapitalauszahlung an Ihre Angeh\u00f6rigen im Falle Ihres Todes vor der Pensionierung. Sie bezahlt Renten im Falle von [&hellip;]<\/p>\n","protected":false},"author":1,"featured_media":62,"parent":21,"menu_order":86,"comment_status":"closed","ping_status":"closed","template":"","meta":{"_acf_changed":false,"footnotes":""},"class_list":["post-27","page","type-page","status-publish","has-post-thumbnail","hentry"],"acf":[],"_links":{"self":[{"href":"https:\/\/www.pvs-feldschloesschen.ch\/de\/wp-json\/wp\/v2\/pages\/27","targetHints":{"allow":["GET"]}}],"collection":[{"href":"https:\/\/www.pvs-feldschloesschen.ch\/de\/wp-json\/wp\/v2\/pages"}],"about":[{"href":"https:\/\/www.pvs-feldschloesschen.ch\/de\/wp-json\/wp\/v2\/types\/page"}],"author":[{"embeddable":true,"href":"https:\/\/www.pvs-feldschloesschen.ch\/de\/wp-json\/wp\/v2\/users\/1"}],"replies":[{"embeddable":true,"href":"https:\/\/www.pvs-feldschloesschen.ch\/de\/wp-json\/wp\/v2\/comments?post=27"}],"version-history":[{"count":12,"href":"https:\/\/www.pvs-feldschloesschen.ch\/de\/wp-json\/wp\/v2\/pages\/27\/revisions"}],"predecessor-version":[{"id":4325,"href":"https:\/\/www.pvs-feldschloesschen.ch\/de\/wp-json\/wp\/v2\/pages\/27\/revisions\/4325"}],"up":[{"embeddable":true,"href":"https:\/\/www.pvs-feldschloesschen.ch\/de\/wp-json\/wp\/v2\/pages\/21"}],"wp:featuredmedia":[{"embeddable":true,"href":"https:\/\/www.pvs-feldschloesschen.ch\/de\/wp-json\/wp\/v2\/media\/62"}],"wp:attachment":[{"href":"https:\/\/www.pvs-feldschloesschen.ch\/de\/wp-json\/wp\/v2\/media?parent=27"}],"curies":[{"name":"wp","href":"https:\/\/api.w.org\/{rel}","templated":true}]}}