{"id":29,"date":"2015-06-29T12:00:00","date_gmt":"2015-06-29T10:00:00","guid":{"rendered":"http:\/\/www.pvs-feldschloesschen.ch\/?page_id=29"},"modified":"2025-07-23T17:52:02","modified_gmt":"2025-07-23T15:52:02","slug":"eintritt-in-die-pensionskasse","status":"publish","type":"page","link":"https:\/\/www.pvs-feldschloesschen.ch\/de\/beitraege-leistungen\/eintritt-in-die-pensionskasse\/","title":{"rendered":"Eintritt in die Pensionskasse"},"content":{"rendered":"<p>Wenn Sie einen Bruttolohn beziehen, der bei mindestens CHF 22 680 pro Jahr liegt, ist Ihr Arbeitgeber verpflichtet, Sie in einer Pensionskasse zu versichern. Dies ist im Bundesgesetz \u00fcber die berufliche Alters-, Hinterlassenen- und Invalidenvorsorge (BVG) so vorgeschrieben.<\/p>\n<p>Der Vorsorgeschutz f\u00fcr die Risiken Tod und Invalidit\u00e4t tritt am 1. Januar nach dem 17. Geburtstag der Versicherten in Kraft, mit entsprechend reduzierten Beitr\u00e4gen. Ab dem 1. Januar nach dem 19. Geburtstag wird zus\u00e4tzlich die Altersvorsorge aufgenommen, mit vorerst geringen und mit zunehmendem Lebensalter allm\u00e4hlich steigenden Beitr\u00e4gen.<\/p>\n<p>Nachdem Ihre Personalabteilung Sie bei der Personalvorsorgestiftung der Feldschl\u00f6sschen-Getr\u00e4nkegruppe angemeldet hat, erhalten Sie von uns folgende Unterlagen:<\/p>\n<ul>\n<li>Einen Ausweis \u00fcber die gem\u00e4ss Ihrem Vorsorgeplan gew\u00e4hrten Vorsorgeleistungen. Der Versicherungsschutz wird mit dem Eintritt in die Pensionskasse unmittelbar wirksam.<\/li>\n<li>Einen Einzahlungsschein. Falls Sie bereits in einer schweizerischen Vorsorgeeinrichtung versichert sind, dient der Einzahlungsschein der \u00dcberweisung Ihres Freiz\u00fcgigkeitsguthabens, das heisst Ihres bis zu diesem Zeitpunkt akkumulierten Sparkapitals. Der Einzahlungsschein ist an Ihre bisherige Pensionskasse weiterzuleiten.<\/li>\n<\/ul>\n","protected":false},"excerpt":{"rendered":"<p>Wenn Sie einen Bruttolohn beziehen, der bei mindestens CHF 22 680 pro Jahr liegt, ist Ihr Arbeitgeber verpflichtet, Sie in einer Pensionskasse zu versichern. Dies ist im Bundesgesetz \u00fcber die berufliche Alters-, Hinterlassenen- und Invalidenvorsorge (BVG) so vorgeschrieben. Der Vorsorgeschutz f\u00fcr die Risiken Tod und Invalidit\u00e4t tritt am 1. Januar nach dem 17. Geburtstag der [&hellip;]<\/p>\n","protected":false},"author":1,"featured_media":66,"parent":21,"menu_order":91,"comment_status":"closed","ping_status":"closed","template":"","meta":{"_acf_changed":false,"footnotes":""},"class_list":["post-29","page","type-page","status-publish","has-post-thumbnail","hentry"],"acf":[],"_links":{"self":[{"href":"https:\/\/www.pvs-feldschloesschen.ch\/de\/wp-json\/wp\/v2\/pages\/29","targetHints":{"allow":["GET"]}}],"collection":[{"href":"https:\/\/www.pvs-feldschloesschen.ch\/de\/wp-json\/wp\/v2\/pages"}],"about":[{"href":"https:\/\/www.pvs-feldschloesschen.ch\/de\/wp-json\/wp\/v2\/types\/page"}],"author":[{"embeddable":true,"href":"https:\/\/www.pvs-feldschloesschen.ch\/de\/wp-json\/wp\/v2\/users\/1"}],"replies":[{"embeddable":true,"href":"https:\/\/www.pvs-feldschloesschen.ch\/de\/wp-json\/wp\/v2\/comments?post=29"}],"version-history":[{"count":9,"href":"https:\/\/www.pvs-feldschloesschen.ch\/de\/wp-json\/wp\/v2\/pages\/29\/revisions"}],"predecessor-version":[{"id":4331,"href":"https:\/\/www.pvs-feldschloesschen.ch\/de\/wp-json\/wp\/v2\/pages\/29\/revisions\/4331"}],"up":[{"embeddable":true,"href":"https:\/\/www.pvs-feldschloesschen.ch\/de\/wp-json\/wp\/v2\/pages\/21"}],"wp:featuredmedia":[{"embeddable":true,"href":"https:\/\/www.pvs-feldschloesschen.ch\/de\/wp-json\/wp\/v2\/media\/66"}],"wp:attachment":[{"href":"https:\/\/www.pvs-feldschloesschen.ch\/de\/wp-json\/wp\/v2\/media?parent=29"}],"curies":[{"name":"wp","href":"https:\/\/api.w.org\/{rel}","templated":true}]}}