{"id":31,"date":"2015-06-29T12:15:41","date_gmt":"2015-06-29T10:15:41","guid":{"rendered":"http:\/\/www.pvs-feldschloesschen.ch\/?page_id=31"},"modified":"2015-12-16T10:16:40","modified_gmt":"2015-12-16T09:16:40","slug":"vorsorgeplaene","status":"publish","type":"page","link":"https:\/\/www.pvs-feldschloesschen.ch\/de\/beitraege-leistungen\/vorsorgeplaene\/","title":{"rendered":"Vorsorgepl\u00e4ne"},"content":{"rendered":"<p>Die Personalvorsorgestiftung der Feldschl\u00f6sschen-Getr\u00e4nkegruppe bietet Ihnen zwei unterschiedliche Vorsorgel\u00f6sungen an. Die beiden Pl\u00e4ne unterscheiden sich lediglich bez\u00fcglich der H\u00f6he der f\u00fcr Sie als Arbeitnehmerin oder Arbeitnehmer zu leistenden Altersbeitr\u00e4ge:<\/p>\n<p><b>Basisplan<br \/>\n<\/b>Ihre Altersbeitr\u00e4ge betragen 40 Prozent und diejenigen\u00a0Ihres Arbeitgebers 60 Prozent.<\/p>\n<p><b>Plusplan<br \/>\n<\/b>Ihre Altersbeitr\u00e4ge und die Ihres Arbeitgebers sind gleich\u00a0hoch, wobei diejenigen Ihres Arbeitgebers unver\u00e4ndert\u00a0bleiben und Ihre eigenen Beitr\u00e4ge angehoben werden.\u00a0Dadurch erh\u00f6ht sich Ihr Sparguthaben und es ergeben\u00a0sich h\u00f6here Altersrenten.<\/p>\n<p>Neu eintretende Versicherte werden vorerst in den Basisplan aufgenommen. Sie k\u00f6nnen sp\u00e4ter jederzeit einen Wechsel in den Plusplan beantragen oder auch wieder zur\u00fcck in den Basisplan wechseln.<\/p>\n","protected":false},"excerpt":{"rendered":"<p>Die Personalvorsorgestiftung der Feldschl\u00f6sschen-Getr\u00e4nkegruppe bietet Ihnen zwei unterschiedliche Vorsorgel\u00f6sungen an. Die beiden Pl\u00e4ne unterscheiden sich lediglich bez\u00fcglich der H\u00f6he der f\u00fcr Sie als Arbeitnehmerin oder Arbeitnehmer zu leistenden Altersbeitr\u00e4ge: Basisplan Ihre Altersbeitr\u00e4ge betragen 40 Prozent und diejenigen\u00a0Ihres Arbeitgebers 60 Prozent. Plusplan Ihre Altersbeitr\u00e4ge und die Ihres Arbeitgebers sind gleich\u00a0hoch, wobei diejenigen Ihres Arbeitgebers unver\u00e4ndert\u00a0bleiben und [&hellip;]<\/p>\n","protected":false},"author":1,"featured_media":0,"parent":21,"menu_order":93,"comment_status":"closed","ping_status":"closed","template":"","meta":{"_acf_changed":false,"footnotes":""},"class_list":["post-31","page","type-page","status-publish","hentry"],"acf":[],"_links":{"self":[{"href":"https:\/\/www.pvs-feldschloesschen.ch\/de\/wp-json\/wp\/v2\/pages\/31","targetHints":{"allow":["GET"]}}],"collection":[{"href":"https:\/\/www.pvs-feldschloesschen.ch\/de\/wp-json\/wp\/v2\/pages"}],"about":[{"href":"https:\/\/www.pvs-feldschloesschen.ch\/de\/wp-json\/wp\/v2\/types\/page"}],"author":[{"embeddable":true,"href":"https:\/\/www.pvs-feldschloesschen.ch\/de\/wp-json\/wp\/v2\/users\/1"}],"replies":[{"embeddable":true,"href":"https:\/\/www.pvs-feldschloesschen.ch\/de\/wp-json\/wp\/v2\/comments?post=31"}],"version-history":[{"count":3,"href":"https:\/\/www.pvs-feldschloesschen.ch\/de\/wp-json\/wp\/v2\/pages\/31\/revisions"}],"predecessor-version":[{"id":954,"href":"https:\/\/www.pvs-feldschloesschen.ch\/de\/wp-json\/wp\/v2\/pages\/31\/revisions\/954"}],"up":[{"embeddable":true,"href":"https:\/\/www.pvs-feldschloesschen.ch\/de\/wp-json\/wp\/v2\/pages\/21"}],"wp:attachment":[{"href":"https:\/\/www.pvs-feldschloesschen.ch\/de\/wp-json\/wp\/v2\/media?parent=31"}],"curies":[{"name":"wp","href":"https:\/\/api.w.org\/{rel}","templated":true}]}}