{"id":3455,"date":"2024-05-24T15:45:33","date_gmt":"2024-05-24T13:45:33","guid":{"rendered":"https:\/\/www.pvs-feldschloesschen.ch\/?page_id=3455"},"modified":"2025-05-23T11:47:04","modified_gmt":"2025-05-23T09:47:04","slug":"nachhaltigkeitsbericht","status":"publish","type":"page","link":"https:\/\/www.pvs-feldschloesschen.ch\/de\/allgemeines\/nachhaltigkeitsbericht\/","title":{"rendered":"Nachhaltigkeitsbericht"},"content":{"rendered":"\n<p>Die Personalvorsorgestiftung der Feldschl\u00f6sschen-Getr\u00e4nkegruppe l\u00e4sst dem Thema Nachhaltigkeit auf verschiedenen Ebenen einen hohen Stellenwert zukommen. Als Einrichtung der 2. S\u00e4ule ist die Personalvorsorgestiftung der Feldschl\u00f6sschen-Getr\u00e4nkegruppe bereits durch ihren Vorsorgeauftrag auf Generationengerechtigkeit und auf eine nachhaltige Entwicklung ausgerichtet. Es ist die gesetzliche Aufgabe der Stiftung, die Auszahlung der versprochenen Leistungen sicherzustellen und zwischen den Anspr\u00fcchen verschiedener Generationen (Rentenbeziehende und aktive Versicherte) abzuw\u00e4gen. Wir besch\u00e4ftigen uns regelm\u00e4ssig mit der Nachhaltigkeit unserer Verm\u00f6gensanlagen. Ziel der Personalvorsorgestiftung der Feldschl\u00f6sschen-Getr\u00e4nkegruppe ist es, ihre Verantwortung als Investorin in Bezug auf die Nachhaltigkeit wahrzunehmen und die gute Reputation des Unternehmens Feldschl\u00f6sschen zu wahren.<\/p>\n\n\n\n<ul class=\"wp-block-list\">\n<li><a href=\"https:\/\/www.pvs-feldschloesschen.ch\/wp-content\/uploads\/2025\/05\/2024_12_31-PVS-Feldschloesschen-ESG-Bericht_2024_DE.pdf\" target=\"_blank\" rel=\"noreferrer noopener\">Nachhaltigkeitsbericht 2024<\/a><\/li>\n\n\n\n<li><a href=\"https:\/\/www.pvs-feldschloesschen.ch\/wp-content\/uploads\/2024\/05\/Nachhaltigkeitsbericht-DE_2024_web-1.pdf\" data-type=\"link\" data-id=\"https:\/\/www.pvs-feldschloesschen.ch\/wp-content\/uploads\/2024\/05\/Nachhaltigkeitsbericht-DE_2024_web-1.pdf\" target=\"_blank\" rel=\"noreferrer noopener\">Nachhaltigkeitsbericht 2023<\/a><\/li>\n<\/ul>\n","protected":false},"excerpt":{"rendered":"<p>Die Personalvorsorgestiftung der Feldschl\u00f6sschen-Getr\u00e4nkegruppe l\u00e4sst dem Thema Nachhaltigkeit auf verschiedenen Ebenen einen hohen Stellenwert zukommen. Als Einrichtung der 2. S\u00e4ule ist die Personalvorsorgestiftung der Feldschl\u00f6sschen-Getr\u00e4nkegruppe bereits durch ihren Vorsorgeauftrag auf Generationengerechtigkeit und auf eine nachhaltige Entwicklung ausgerichtet. Es ist die gesetzliche Aufgabe der Stiftung, die Auszahlung der versprochenen Leistungen sicherzustellen und zwischen den Anspr\u00fcchen verschiedener [&hellip;]<\/p>\n","protected":false},"author":1,"featured_media":2246,"parent":19,"menu_order":34,"comment_status":"closed","ping_status":"closed","template":"","meta":{"_acf_changed":false,"footnotes":""},"class_list":["post-3455","page","type-page","status-publish","has-post-thumbnail","hentry"],"acf":[],"_links":{"self":[{"href":"https:\/\/www.pvs-feldschloesschen.ch\/de\/wp-json\/wp\/v2\/pages\/3455","targetHints":{"allow":["GET"]}}],"collection":[{"href":"https:\/\/www.pvs-feldschloesschen.ch\/de\/wp-json\/wp\/v2\/pages"}],"about":[{"href":"https:\/\/www.pvs-feldschloesschen.ch\/de\/wp-json\/wp\/v2\/types\/page"}],"author":[{"embeddable":true,"href":"https:\/\/www.pvs-feldschloesschen.ch\/de\/wp-json\/wp\/v2\/users\/1"}],"replies":[{"embeddable":true,"href":"https:\/\/www.pvs-feldschloesschen.ch\/de\/wp-json\/wp\/v2\/comments?post=3455"}],"version-history":[{"count":9,"href":"https:\/\/www.pvs-feldschloesschen.ch\/de\/wp-json\/wp\/v2\/pages\/3455\/revisions"}],"predecessor-version":[{"id":4266,"href":"https:\/\/www.pvs-feldschloesschen.ch\/de\/wp-json\/wp\/v2\/pages\/3455\/revisions\/4266"}],"up":[{"embeddable":true,"href":"https:\/\/www.pvs-feldschloesschen.ch\/de\/wp-json\/wp\/v2\/pages\/19"}],"wp:featuredmedia":[{"embeddable":true,"href":"https:\/\/www.pvs-feldschloesschen.ch\/de\/wp-json\/wp\/v2\/media\/2246"}],"wp:attachment":[{"href":"https:\/\/www.pvs-feldschloesschen.ch\/de\/wp-json\/wp\/v2\/media?parent=3455"}],"curies":[{"name":"wp","href":"https:\/\/api.w.org\/{rel}","templated":true}]}}