{"id":37,"date":"2015-06-29T13:37:53","date_gmt":"2015-06-29T11:37:53","guid":{"rendered":"http:\/\/www.pvs-feldschloesschen.ch\/?page_id=37"},"modified":"2024-12-28T19:59:21","modified_gmt":"2024-12-28T18:59:21","slug":"editorial","status":"publish","type":"page","link":"https:\/\/www.pvs-feldschloesschen.ch\/de\/allgemeines\/editorial\/","title":{"rendered":"Editorial"},"content":{"rendered":"<p>Herzlich willkommen bei der Personalvorsorgestiftung der Feldschl\u00f6sschen-Getr\u00e4nkegruppe, der Pensionskasse des f\u00fchrenden und innovativsten Getr\u00e4nkepartners der Schweiz.<\/p>\n<p>Als rechtlich eigenst\u00e4ndige Vorsorgeeinrichtung versichert unsere Stiftung die Mitarbeitenden der Feldschl\u00f6sschen-Getr\u00e4nkegruppe im Rahmen der beruflichen Vorsorge gegen die Risiken Alter, Tod und Invalidit\u00e4t und bietet zeitgerechte Leistungen auf hohem Niveau.<\/p>\n<p>Es ist uns ein grosses Anliegen, dass unsere Versicherten auch langfristig von einer finanziell gesunden und attraktiven Vorsorgeeinrichtung profitieren k\u00f6nnen. Aus diesem Grund ist der Stiftungsrat unserer Pensionskasse stets interessiert, eine umsichtige und vorausschauende Vorsorgepolitik umzusetzen.<\/p>\n<p>Wir sind \u00fcberzeugt, dass Sie alle wichtigen Informationen auf unserer Homepage finden werden.<\/p>\n<p>Claude Kirschner<br \/>\n<em>Pr\u00e4sident des Stiftungsrates<\/em><\/p>\n","protected":false},"excerpt":{"rendered":"<p>Herzlich willkommen bei der Personalvorsorgestiftung der Feldschl\u00f6sschen-Getr\u00e4nkegruppe, der Pensionskasse des f\u00fchrenden und innovativsten Getr\u00e4nkepartners der Schweiz. Als rechtlich eigenst\u00e4ndige Vorsorgeeinrichtung versichert unsere Stiftung die Mitarbeitenden der Feldschl\u00f6sschen-Getr\u00e4nkegruppe im Rahmen der beruflichen Vorsorge gegen die Risiken Alter, Tod und Invalidit\u00e4t und bietet zeitgerechte Leistungen auf hohem Niveau. Es ist uns ein grosses Anliegen, dass unsere Versicherten [&hellip;]<\/p>\n","protected":false},"author":1,"featured_media":66,"parent":19,"menu_order":1,"comment_status":"closed","ping_status":"closed","template":"","meta":{"_acf_changed":false,"footnotes":""},"class_list":["post-37","page","type-page","status-publish","has-post-thumbnail","hentry"],"acf":[],"_links":{"self":[{"href":"https:\/\/www.pvs-feldschloesschen.ch\/de\/wp-json\/wp\/v2\/pages\/37","targetHints":{"allow":["GET"]}}],"collection":[{"href":"https:\/\/www.pvs-feldschloesschen.ch\/de\/wp-json\/wp\/v2\/pages"}],"about":[{"href":"https:\/\/www.pvs-feldschloesschen.ch\/de\/wp-json\/wp\/v2\/types\/page"}],"author":[{"embeddable":true,"href":"https:\/\/www.pvs-feldschloesschen.ch\/de\/wp-json\/wp\/v2\/users\/1"}],"replies":[{"embeddable":true,"href":"https:\/\/www.pvs-feldschloesschen.ch\/de\/wp-json\/wp\/v2\/comments?post=37"}],"version-history":[{"count":9,"href":"https:\/\/www.pvs-feldschloesschen.ch\/de\/wp-json\/wp\/v2\/pages\/37\/revisions"}],"predecessor-version":[{"id":3656,"href":"https:\/\/www.pvs-feldschloesschen.ch\/de\/wp-json\/wp\/v2\/pages\/37\/revisions\/3656"}],"up":[{"embeddable":true,"href":"https:\/\/www.pvs-feldschloesschen.ch\/de\/wp-json\/wp\/v2\/pages\/19"}],"wp:featuredmedia":[{"embeddable":true,"href":"https:\/\/www.pvs-feldschloesschen.ch\/de\/wp-json\/wp\/v2\/media\/66"}],"wp:attachment":[{"href":"https:\/\/www.pvs-feldschloesschen.ch\/de\/wp-json\/wp\/v2\/media?parent=37"}],"curies":[{"name":"wp","href":"https:\/\/api.w.org\/{rel}","templated":true}]}}