{"id":3474,"date":"2024-05-28T14:12:59","date_gmt":"2024-05-28T12:12:59","guid":{"rendered":"https:\/\/www.pvs-feldschloesschen.ch\/?page_id=3474"},"modified":"2025-05-26T09:11:57","modified_gmt":"2025-05-26T07:11:57","slug":"sustainability-report","status":"publish","type":"page","link":"https:\/\/www.pvs-feldschloesschen.ch\/en\/general\/sustainability-report\/","title":{"rendered":"Sustainability Report"},"content":{"rendered":"\n<p>Sustainability is accorded a key priority at various levels by the Personalvorsorgestiftung der Feldschl\u00f6sschen-Getr\u00e4nkegruppe (PVS Feldschl\u00f6sschen). As a 2nd pillar institution, the PVS Feldschl\u00f6sschen is already geared towards inter-generational equity and sustainable development through its pension mandate. It is the Foundation&#8217;s legal duty to ensure that the promised benefits are paid out and to balance the claims of different generations (pension recipients and active insured persons). As outlined in the report, we regularly analyse the sustainability of our investments. PVS Feldschl\u00f6sschen\u2019s aim is to fulfil its responsibility as an investor committed to sustainability, and to maintain the good reputation of the Feldschl\u00f6sschen company.<\/p>\n\n\n\n<ul class=\"wp-block-list\">\n<li><a href=\"https:\/\/www.pvs-feldschloesschen.ch\/wp-content\/uploads\/2025\/05\/2024_12_31-PVS-Feldschloesschen-ESG-Bericht_2024_EN.pdf\" target=\"_blank\" rel=\"noreferrer noopener\">Sustainability Report 2024<\/a><\/li>\n\n\n\n<li><a href=\"https:\/\/www.pvs-feldschloesschen.ch\/wp-content\/uploads\/2024\/05\/Nachhaltigkeitsbericht-EN_2024_web.pdf\" data-type=\"attachment\" data-id=\"3477\" target=\"_blank\" rel=\"noreferrer noopener\">Sustainability Report 2023<\/a><\/li>\n<\/ul>\n","protected":false},"excerpt":{"rendered":"<p>Sustainability is accorded a key priority at various levels by the Personalvorsorgestiftung der Feldschl\u00f6sschen-Getr\u00e4nkegruppe (PVS Feldschl\u00f6sschen). As a 2nd pillar institution, the PVS Feldschl\u00f6sschen is already geared towards inter-generational equity and sustainable development through its pension mandate. It is the Foundation&#8217;s legal duty to ensure that the promised benefits are paid out and to balance [&hellip;]<\/p>\n","protected":false},"author":1,"featured_media":2250,"parent":51,"menu_order":33,"comment_status":"closed","ping_status":"closed","template":"","meta":{"_acf_changed":false,"footnotes":""},"class_list":["post-3474","page","type-page","status-publish","has-post-thumbnail","hentry"],"acf":[],"_links":{"self":[{"href":"https:\/\/www.pvs-feldschloesschen.ch\/en\/wp-json\/wp\/v2\/pages\/3474","targetHints":{"allow":["GET"]}}],"collection":[{"href":"https:\/\/www.pvs-feldschloesschen.ch\/en\/wp-json\/wp\/v2\/pages"}],"about":[{"href":"https:\/\/www.pvs-feldschloesschen.ch\/en\/wp-json\/wp\/v2\/types\/page"}],"author":[{"embeddable":true,"href":"https:\/\/www.pvs-feldschloesschen.ch\/en\/wp-json\/wp\/v2\/users\/1"}],"replies":[{"embeddable":true,"href":"https:\/\/www.pvs-feldschloesschen.ch\/en\/wp-json\/wp\/v2\/comments?post=3474"}],"version-history":[{"count":4,"href":"https:\/\/www.pvs-feldschloesschen.ch\/en\/wp-json\/wp\/v2\/pages\/3474\/revisions"}],"predecessor-version":[{"id":4298,"href":"https:\/\/www.pvs-feldschloesschen.ch\/en\/wp-json\/wp\/v2\/pages\/3474\/revisions\/4298"}],"up":[{"embeddable":true,"href":"https:\/\/www.pvs-feldschloesschen.ch\/en\/wp-json\/wp\/v2\/pages\/51"}],"wp:featuredmedia":[{"embeddable":true,"href":"https:\/\/www.pvs-feldschloesschen.ch\/en\/wp-json\/wp\/v2\/media\/2250"}],"wp:attachment":[{"href":"https:\/\/www.pvs-feldschloesschen.ch\/en\/wp-json\/wp\/v2\/media?parent=3474"}],"curies":[{"name":"wp","href":"https:\/\/api.w.org\/{rel}","templated":true}]}}