{"id":390,"date":"2015-08-18T16:25:38","date_gmt":"2015-08-18T14:25:38","guid":{"rendered":"http:\/\/www.pvs-feldschloesschen.ch\/?page_id=390"},"modified":"2015-11-03T15:38:02","modified_gmt":"2015-11-03T14:38:02","slug":"affiliates","status":"publish","type":"page","link":"https:\/\/www.pvs-feldschloesschen.ch\/en\/about-us\/affiliates\/","title":{"rendered":"Affiliates"},"content":{"rendered":"<p>Feldschl\u00f6sschen Getr\u00e4nke AG<br \/>\nFeldschl\u00f6sschen Supply Company AG<br \/>\n<a href=\"http:\/\/www.feldschloesschen.ch\" target=\"_blank\">www.feldschl\u00f6sschen.ch<\/a><\/p>\n<p>Carlsberg Supply Company AG<br \/>\n<a href=\"http:\/\/www.carlsberggroup.com\" target=\"_blank\">www.carlsberggroup.com<\/a><\/p>\n","protected":false},"excerpt":{"rendered":"<p>Feldschl\u00f6sschen Getr\u00e4nke AG Feldschl\u00f6sschen Supply Company AG www.feldschl\u00f6sschen.ch Carlsberg Supply Company AG www.carlsberggroup.com<\/p>\n","protected":false},"author":1,"featured_media":69,"parent":56,"menu_order":71,"comment_status":"closed","ping_status":"closed","template":"","meta":{"_acf_changed":false,"footnotes":""},"class_list":["post-390","page","type-page","status-publish","has-post-thumbnail","hentry"],"acf":[],"_links":{"self":[{"href":"https:\/\/www.pvs-feldschloesschen.ch\/en\/wp-json\/wp\/v2\/pages\/390","targetHints":{"allow":["GET"]}}],"collection":[{"href":"https:\/\/www.pvs-feldschloesschen.ch\/en\/wp-json\/wp\/v2\/pages"}],"about":[{"href":"https:\/\/www.pvs-feldschloesschen.ch\/en\/wp-json\/wp\/v2\/types\/page"}],"author":[{"embeddable":true,"href":"https:\/\/www.pvs-feldschloesschen.ch\/en\/wp-json\/wp\/v2\/users\/1"}],"replies":[{"embeddable":true,"href":"https:\/\/www.pvs-feldschloesschen.ch\/en\/wp-json\/wp\/v2\/comments?post=390"}],"version-history":[{"count":3,"href":"https:\/\/www.pvs-feldschloesschen.ch\/en\/wp-json\/wp\/v2\/pages\/390\/revisions"}],"predecessor-version":[{"id":893,"href":"https:\/\/www.pvs-feldschloesschen.ch\/en\/wp-json\/wp\/v2\/pages\/390\/revisions\/893"}],"up":[{"embeddable":true,"href":"https:\/\/www.pvs-feldschloesschen.ch\/en\/wp-json\/wp\/v2\/pages\/56"}],"wp:featuredmedia":[{"embeddable":true,"href":"https:\/\/www.pvs-feldschloesschen.ch\/en\/wp-json\/wp\/v2\/media\/69"}],"wp:attachment":[{"href":"https:\/\/www.pvs-feldschloesschen.ch\/en\/wp-json\/wp\/v2\/media?parent=390"}],"curies":[{"name":"wp","href":"https:\/\/api.w.org\/{rel}","templated":true}]}}