{"id":285,"date":"2015-08-17T16:32:29","date_gmt":"2015-08-17T14:32:29","guid":{"rendered":"http:\/\/www.pvs-feldschloesschen.ch\/?page_id=285"},"modified":"2024-12-28T19:59:49","modified_gmt":"2024-12-28T18:59:49","slug":"editorial","status":"publish","type":"page","link":"https:\/\/www.pvs-feldschloesschen.ch\/fr\/generalites\/editorial\/","title":{"rendered":"Editorial"},"content":{"rendered":"<p>Bienvenue sur la page de la Fondation de pr\u00e9voyance en faveur du personnel du groupe Feldschl\u00f6sschen Boissons, la caisse de pensions du partenaire boissons leader et le plus innovant de Suisse.<\/p>\n<p>Notre fondation est une entit\u00e9 juridique autonome. En tant que telle, elle assure les collaborateurs du groupe Feldschl\u00f6sschen Boissons contre les risques <em>vieillesse<\/em>, <em>d\u00e9c\u00e8s<\/em> et <em>invalidit\u00e9<\/em> dans le cadre de la pr\u00e9voyance professionnelle et fournit des prestations de haut niveau adapt\u00e9es aux exigences actuelles.<\/p>\n<p>Nous mettons tout en \u0153uvre pour que nos assur\u00e9s b\u00e9n\u00e9ficient d\u2019une institution de pr\u00e9voyance financi\u00e8rement saine et attractive, sur le long terme \u00e9galement. C\u2019est aussi pourquoi le conseil de fondation de notre caisse de pensions veille en permanence \u00e0 appliquer une politique de pr\u00e9voyance circonspecte et visionnaire.<\/p>\n<p>Notre site Internet vous propose de nombreuses et pr\u00e9cieuses informations sur la fondation et sur la pr\u00e9voyance professionnelle.<\/p>\n<p>Claude Kirschner<br \/>\n<em>Pr\u00e9sident du conseil de fondation<\/em><\/p>\n","protected":false},"excerpt":{"rendered":"<p>Bienvenue sur la page de la Fondation de pr\u00e9voyance en faveur du personnel du groupe Feldschl\u00f6sschen Boissons, la caisse de pensions du partenaire boissons leader et le plus innovant de Suisse. Notre fondation est une entit\u00e9 juridique autonome. En tant que telle, elle assure les collaborateurs du groupe Feldschl\u00f6sschen Boissons contre les risques vieillesse, d\u00e9c\u00e8s [&hellip;]<\/p>\n","protected":false},"author":1,"featured_media":64,"parent":82,"menu_order":1,"comment_status":"closed","ping_status":"closed","template":"","meta":{"_acf_changed":false,"footnotes":""},"class_list":["post-285","page","type-page","status-publish","has-post-thumbnail","hentry"],"acf":[],"_links":{"self":[{"href":"https:\/\/www.pvs-feldschloesschen.ch\/fr\/wp-json\/wp\/v2\/pages\/285","targetHints":{"allow":["GET"]}}],"collection":[{"href":"https:\/\/www.pvs-feldschloesschen.ch\/fr\/wp-json\/wp\/v2\/pages"}],"about":[{"href":"https:\/\/www.pvs-feldschloesschen.ch\/fr\/wp-json\/wp\/v2\/types\/page"}],"author":[{"embeddable":true,"href":"https:\/\/www.pvs-feldschloesschen.ch\/fr\/wp-json\/wp\/v2\/users\/1"}],"replies":[{"embeddable":true,"href":"https:\/\/www.pvs-feldschloesschen.ch\/fr\/wp-json\/wp\/v2\/comments?post=285"}],"version-history":[{"count":4,"href":"https:\/\/www.pvs-feldschloesschen.ch\/fr\/wp-json\/wp\/v2\/pages\/285\/revisions"}],"predecessor-version":[{"id":3658,"href":"https:\/\/www.pvs-feldschloesschen.ch\/fr\/wp-json\/wp\/v2\/pages\/285\/revisions\/3658"}],"up":[{"embeddable":true,"href":"https:\/\/www.pvs-feldschloesschen.ch\/fr\/wp-json\/wp\/v2\/pages\/82"}],"wp:featuredmedia":[{"embeddable":true,"href":"https:\/\/www.pvs-feldschloesschen.ch\/fr\/wp-json\/wp\/v2\/media\/64"}],"wp:attachment":[{"href":"https:\/\/www.pvs-feldschloesschen.ch\/fr\/wp-json\/wp\/v2\/media?parent=285"}],"curies":[{"name":"wp","href":"https:\/\/api.w.org\/{rel}","templated":true}]}}