{"id":299,"date":"2020-04-01T00:15:08","date_gmt":"2020-03-31T22:15:08","guid":{"rendered":"http:\/\/www.pvs-feldschloesschen.ch\/?page_id=299"},"modified":"2026-01-20T15:11:28","modified_gmt":"2026-01-20T14:11:28","slug":"actualite","status":"publish","type":"page","link":"https:\/\/www.pvs-feldschloesschen.ch\/fr\/generalites\/actualite\/","title":{"rendered":"Actualit\u00e9"},"content":{"rendered":"\n<h3 class=\"wp-block-heading\">R\u00e8glement 2026<\/h3>\n\n\n\n<p>Un nouveau r\u00e8glement de pr\u00e9voyance entrera en vigueur le 1<sup>er<\/sup> janvier 2026. Les principales modifications sont les suivantes:<\/p>\n\n\n\n<p><strong>Chiffre 4.4 \u2013 Rente de conjoint<br><\/strong>Jusqu&rsquo;\u00e0 pr\u00e9sent, seule la perception d&rsquo;une rente de conjoint \u00e9tait possible. D\u00e9sormais, il est possible d&rsquo;opter, \u00e0 la place d&rsquo;une rente de conjoint, pour une prestation de rente unique sous forme de capital (partiel).<\/p>\n\n\n\n<p><strong>Chiffre 4.8 \u2013 Capital d\u00e9c\u00e8s<br><\/strong>La m\u00e9thode de calcul actualis\u00e9e se traduit par un capital d\u00e9c\u00e8s l\u00e9g\u00e8rement plus \u00e9lev\u00e9. En outre, la liste des ayants droit a \u00e9t\u00e9 \u00e9largie.<\/p>\n\n\n\n<p>Comme d&rsquo;habitude, le nouveau r\u00e8glement est disponible <a href=\"https:\/\/www.pvs-feldschloesschen.ch\/fr\/reglements-et-formulaires\/reglements\/\">en ligne<\/a>.<\/p>\n\n\n\n<hr class=\"wp-block-separator has-alpha-channel-opacity\"\/>\n\n\n\n<h3 class=\"wp-block-heading\">Informations sur la r\u00e9union du Conseil de fondation du 10 d\u00e9cembre 2025<\/h3>\n\n\n\n<p>Le conseil de fondation a pris les d\u00e9cisions suivantes:<\/p>\n\n\n\n<p><strong>R\u00e9mun\u00e9ration des avoirs de vieillesse<\/strong><\/p>\n\n\n\n<p>Conform\u00e9ment \u00e0 la d\u00e9cision du Conseil f\u00e9d\u00e9ral, le <strong>taux LPP minimal<\/strong> demeure inchang\u00e9 \u00e0 <strong>1,25%<\/strong> au 1er janvier 2026.<\/p>\n\n\n\n<p>Aux termes de la loi, les \u00e9l\u00e9ments d\u00e9terminants pour la fixation du taux sont le rendement des obligations de la Conf\u00e9d\u00e9ration et l\u2019\u00e9volution des actions, des obligations et de l\u2019immobilier. Avant de prendre sa d\u00e9cision, le Conseil f\u00e9d\u00e9ral a consult\u00e9 la Commission f\u00e9d\u00e9rale de la pr\u00e9voyance professionnelle et les partenaires sociaux.<\/p>\n\n\n\n<p>En raison de la bonne situation financi\u00e8re de la fondation, le conseil de fondation a pris les d\u00e9cisions suivantes relatives \u00e0 la r\u00e9mun\u00e9ration des avoirs de vieillesse:<\/p>\n\n\n\n<ul class=\"wp-block-list\">\n<li>En 2025 les avoirs de vieillesse seront r\u00e9mun\u00e9r\u00e9s au taux de <strong>3,5%<\/strong>. Le conseil de fondation avait d\u00e9cid\u00e9 en d\u00e9cembre 2024 d&rsquo;un taux d&rsquo;int\u00e9r\u00eat de 2,5%.<\/li>\n<\/ul>\n\n\n\n<ul class=\"wp-block-list\">\n<li>En 2026, les avoirs de vieillesse devraient \u00eatre r\u00e9mun\u00e9r\u00e9s \u00e0 <strong>2,5%<\/strong>.<\/li>\n<\/ul>\n\n\n\n<hr class=\"wp-block-separator has-alpha-channel-opacity\"\/>\n\n\n\n<h3 class=\"wp-block-heading\">Rapport annuel 2024<\/h3>\n\n\n\n<p>Le rapport annuel (y compris le rapport de l&rsquo;organe de r\u00e9vision) et le rapport annuel succinct 2024 ont \u00e9t\u00e9 publi\u00e9s et sont \u00e0 votre disposition pour lecture.<\/p>\n\n\n\n<p>Vous trouverez les rapports sous: <a href=\"https:\/\/www.pvs-feldschloesschen.ch\/fr\/generalites\/rapports-annuels\/\">Rapports annuels<\/a><\/p>\n\n\n\n<hr class=\"wp-block-separator has-alpha-channel-opacity\"\/>\n\n\n\n<h3 class=\"wp-block-heading\">Informations sur le bilan au 31 d\u00e9cembre 2024<\/h3>\n\n\n\n<p>La soci\u00e9t\u00e9 Ernst &amp; Young SA a r\u00e9vis\u00e9 le bilan de la Caisse de pensions au 31 d\u00e9cembre 2024.<\/p>\n\n\n\n<p>C\u2019est avec plaisir que nous vous informons des r\u00e9sultats obtenus.<\/p>\n\n\n\n<p>La fortune de pr\u00e9voyance se montait \u00e0 CHF 710,5 millions au 31 d\u00e9cembre 2024 (contre CHF 673,8 millions au 31 d\u00e9cembre 2023).<\/p>\n\n\n\n<p>Le <strong>rendement<\/strong> r\u00e9alis\u00e9 sur la fortune totale est de <strong>7,19%<\/strong> pour l\u2019ann\u00e9e 2024 (2023: 7,7%). Un b\u00e9n\u00e9fice de CHF 47,4 millions a \u00e9t\u00e9 enregistr\u00e9e sur les placements (en 2023: CHF 47,3 millions).<\/p>\n\n\n\n<p>Le <strong>taux de couverture<\/strong> au 31 d\u00e9cembre 2024 a augment\u00e9 pour atteindre un chiffre encourageant de <strong>116,9%<\/strong> (31 d\u00e9cembre 2023: 113,9%).<\/p>\n\n\n\n<p>Le conseil de fondation a d\u00e9cid\u00e9 en d\u00e9cembre de r\u00e9duire le <strong>taux d&rsquo;int\u00e9r\u00eat technique<\/strong> de 1,25% \u00e0 <strong>1%<\/strong>.<\/p>\n\n\n\n<p>L&rsquo;exc\u00e9dent de revenus de 20,6 millions de CHF a \u00e9t\u00e9 affect\u00e9 \u00e0 la <strong>r\u00e9serve de fluctuation.<\/strong> Au 31 d\u00e9cembre 2024, cela s&rsquo;\u00e9l\u00e8ve \u00e0 <strong>CHF 102,5 millions<\/strong>. L\u2019objectif fix\u00e9 pour la r\u00e9serve de fluctuation de valeurs est de CHF 109 millions.<\/p>\n\n\n\n<p><strong>Effectifs des assur\u00e9s<\/strong><\/p>\n\n\n\n<p>Au 31 d\u00e9cembre 2024, 1188 collaborateurs actifs \u00e9taient assur\u00e9s par la Fondation de pr\u00e9voyance en faveur du personnel du groupe Feldschl\u00f6sschen Boissons (contre 1165 au 31 d\u00e9cembre 2023). R\u00e9partition en fonction des entreprises:<\/p>\n\n\n\n<ul class=\"wp-block-list\">\n<li>Feldschl\u00f6sschen Boissons SA \u2013 401<\/li>\n\n\n\n<li>Feldschl\u00f6sschen Supply Company AG &#8211; 665<\/li>\n\n\n\n<li>Carlsberg Supply Company AG &#8211; 119<\/li>\n\n\n\n<li>Collaborateurs du programme Carlsberg Mobility &#8211; 3<\/li>\n<\/ul>\n\n\n\n<p>Au 31 d\u00e9cembre 2024, les retrait\u00e9s \u00e9taient au nombre de 1181 (contre 1220 au 31 d\u00e9cembre 2023).<\/p>\n\n\n\n<p>Vous trouverez de plus amples informations sur le bilan annuel dans le rapport annuel que nous publierons plus tard.<\/p>\n\n\n\n<hr class=\"wp-block-separator has-alpha-channel-opacity\"\/>\n\n\n\n<h3 class=\"wp-block-heading\">Informations sur la r\u00e9union du Conseil de fondation du 6 d\u00e9cembre 2024<\/h3>\n\n\n\n<p>Le conseil de fondation a pris les d\u00e9cisions suivantes:<\/p>\n\n\n\n<p><strong>R\u00e9mun\u00e9ration des avoirs de vieillesse<\/strong><\/p>\n\n\n\n<p>Conform\u00e9ment \u00e0 la d\u00e9cision du Conseil f\u00e9d\u00e9ral, le <strong>taux LPP minimal<\/strong> demeure inchang\u00e9 \u00e0 <strong>1,25%<\/strong> au 1er janvier 2025.<\/p>\n\n\n\n<p>Aux termes de la loi, les \u00e9l\u00e9ments d\u00e9terminants pour la fixation du taux sont le rendement des obligations de la Conf\u00e9d\u00e9ration et l\u2019\u00e9volution des actions, des obligations et de l\u2019immobilier. Avant de prendre sa d\u00e9cision, le Conseil f\u00e9d\u00e9ral a consult\u00e9 la Commission f\u00e9d\u00e9rale de la pr\u00e9voyance professionnelle et les partenaires sociaux.<\/p>\n\n\n\n<p>En raison de la bonne situation financi\u00e8re de la fondation, le conseil de fondation a pris les d\u00e9cisions suivantes relatives \u00e0 la r\u00e9mun\u00e9ration des avoirs de vieillesse:<\/p>\n\n\n\n<ul class=\"wp-block-list\">\n<li>En 2024 les avoirs de vieillesse seront r\u00e9mun\u00e9r\u00e9s au taux de <strong>2,5%<\/strong>. Le conseil de fondation avait d\u00e9cid\u00e9 en d\u00e9cembre 2023 d&rsquo;un taux d&rsquo;int\u00e9r\u00eat de 1,25%.<\/li>\n<\/ul>\n\n\n\n<ul class=\"wp-block-list\">\n<li>En 2025, les avoirs de vieillesse seront \u00e9galement r\u00e9mun\u00e9r\u00e9s \u00e0 <strong>2,5%<\/strong>.<\/li>\n<\/ul>\n\n\n\n<p><strong>Changement \u00e0 la pr\u00e9sidence du conseil de fondation<\/strong><\/p>\n\n\n\n<p>Au 1er janvier 2025, la caisse de pension aura un nouveau pr\u00e9sident du conseil de fondation. <strong>Patrik F\u00fceg<\/strong> a d\u00e9cid\u00e9 de quitter la pr\u00e9sidence du conseil de fondation. Le conseil de fondation a \u00e9lu \u00e0 l&rsquo;unanimit\u00e9 <strong>Claude Kirschner<\/strong> comme nouveau pr\u00e9sident. Patrik F\u00fceg, qui occupait cette fonction depuis 2007, reste membre du conseil de fondation en tant que repr\u00e9sentant des employeurs.<\/p>\n\n\n\n<p>Nous remercions Patrik F\u00fceg pour sa longue et pr\u00e9voyante direction de l&rsquo;organe supr\u00eame de notre caisse de pension. Nous f\u00e9licitons chaleureusement Claude Kirschner pour son \u00e9lection et lui souhaitons beaucoup de plaisir dans cette t\u00e2che pleine de responsabilit\u00e9s.<\/p>\n\n\n\n<hr class=\"wp-block-separator has-alpha-channel-opacity\"\/>\n\n\n\n<h3 class=\"wp-block-heading\"><strong>Bilan interm\u00e9diaire au 31 octobre 2024<\/strong><\/h3>\n\n\n\n<p><strong>Informations sur la cl\u00f4ture interm\u00e9diaire: L\u2019\u00e9volution reste positive<\/strong><\/p>\n\n\n\n<p>Conform\u00e9ment aux conditions du march\u00e9, un rendement absolu n\u00e9gatif de -0,44% a \u00e9t\u00e9 enregistr\u00e9 en octobre. Depuis le d\u00e9but de l&rsquo;ann\u00e9e, le portefeuille de la caisse de pension a enregistr\u00e9 un rendement positif de +5,73%.<\/p>\n\n\n\n<p>La fortune de pr\u00e9voyance se montait \u00e0 701,9&nbsp;millions de francs au 31&nbsp;octobre 2024 (CHF 673,8&nbsp;millions au 31&nbsp;d\u00e9cembre 2023).<\/p>\n\n\n\n<p>Le <strong>degr\u00e9 de couverture<\/strong> au 31 octobre 2024 s&rsquo;\u00e9l\u00e8ve \u00e0 <strong>118,36%<\/strong> et s&rsquo;est donc encore am\u00e9lior\u00e9e par rapport \u00e0 la derni\u00e8re cl\u00f4ture interm\u00e9diaire (30.6.2023: 116,88%). Cl\u00f4ture annuelle au 31.12.2023: 113,87%.<\/p>\n\n\n\n<p>Au 31.10.2024, la caisse de pension pr\u00e9sente un exc\u00e9dent de couverture de CHF 108,75 millions. L&rsquo;objectif de la <strong>r\u00e9serve de fluctuation<\/strong> de valeurs est de 101 millions et est ainsi d\u00e9pass\u00e9 pour la premi\u00e8re fois.<\/p>\n\n\n\n<p><strong>Effectif des assur\u00e9s<\/strong><strong><\/strong><\/p>\n\n\n\n<p>Au 31 octobre 2024, 1166 collaborateurs actifs \u00e9taient assur\u00e9s aupr\u00e8s de la Fondation de pr\u00e9voyance en faveur du personnel du groupe Feldschl\u00f6sschen Boissons (contre 1165 au 31 d\u00e9cembre 2023). R\u00e9partition en fonction des entreprises:<\/p>\n\n\n\n<ul class=\"wp-block-list\">\n<li>Feldschl\u00f6sschen Boissons SA &#8211; 408<\/li>\n\n\n\n<li>Feldschl\u00f6sschen Supply Company &#8211; 670<\/li>\n\n\n\n<li>Carlsberg Supply Company AG &#8211; 117<\/li>\n\n\n\n<li>Collaborateurs du programme Carlsberg Mobility \u2013 4<\/li>\n<\/ul>\n\n\n\n<p>Au 31 octobre 2024, le nombre de retrait\u00e9s b\u00e9n\u00e9ficiaires de rentes se montait \u00e0 1190 (contre 1220 au 31 d\u00e9cembre 2023).<\/p>\n\n\n\n<hr class=\"wp-block-separator has-alpha-channel-opacity\"\/>\n\n\n\n<h3 class=\"wp-block-heading\"><strong>Planifiez \u00e0 temps vos rachats dans la caisse de pensions<\/strong><\/h3>\n\n\n\n<p><strong>Les rachats sont possibles \u00e0 tout moment. Ils doivent cependant avoir lieu au <u>plus tard le 6 d\u00e9cembre 2024<\/u> pour \u00eatre encore trait\u00e9s dans le cadre de l\u2019ann\u00e9e fiscale 2024.<\/strong><\/p>\n\n\n\n<p>Les prestations de vieillesse peuvent \u00eatre am\u00e9lior\u00e9es par des rachats, dans la mesure o\u00f9 le r\u00e8glement le permet. En principe, de tels rachats sont d\u00e9ductibles des imp\u00f4ts. La caisse de pensions n\u2019engage toutefois pas sa responsabilit\u00e9 si l\u2019Office cantonal des contributions concern\u00e9 n\u2019autorise pas les d\u00e9ductions fiscales en cas de rachats. En cas de doute, nous vous conseillons de v\u00e9rifier la d\u00e9ductibilit\u00e9 fiscale aupr\u00e8s des autorit\u00e9s fiscales comp\u00e9tentes avant d\u2019effectuer un rachat.<\/p>\n\n\n\n<p>Veuillez observer les points suivants:<\/p>\n\n\n\n<ul class=\"wp-block-list\">\n<li>Avant le premier rachat, le formulaire <strong><em><a href=\"https:\/\/www.pvs-feldschloesschen.ch\/wp-content\/uploads\/2024\/09\/F-Rachat-dans-la-caisse-de-pensions.pdf\">Rachat dans la caisse de pensions<\/a><\/em><\/strong> doit \u00eatre rempli et envoy\u00e9 \u00e0 la fondation.<br><\/li>\n\n\n\n<li>Si des retraits anticip\u00e9s ont \u00e9t\u00e9 effectu\u00e9s pour l\u2019achat d\u2019un logement, les rachats facultatifs peuvent \u00eatre effectu\u00e9s uniquement lorsque tous les retraits anticip\u00e9s ont \u00e9t\u00e9 rembours\u00e9s.<br><\/li>\n\n\n\n<li>Le montant du rachat est r\u00e9mun\u00e9r\u00e9 \u00e0 partir de la date du versement (1,25% actuellement).<br><\/li>\n\n\n\n<li>Veuillez \u00e9galement noter que, durant les trois ans qui suivent un rachat, les prestations qui en r\u00e9sultent ne peuvent pas \u00eatre retir\u00e9es de la pr\u00e9voyance sous forme de capital (ceci est particuli\u00e8rement important en vue de la retraite ou si vous pr\u00e9voyez de demander un versement anticip\u00e9 dans le cadre de la propri\u00e9t\u00e9 du logement).<\/li>\n<\/ul>\n\n\n\n<p>Susanne Baumberger, responsable de la pr\u00e9voyance professionnelle (t\u00e9l. 058 123 48 44), ou Robert Bucher (t\u00e9l. 058 123 47 54) se tiennent \u00e0 votre disposition pour tout renseignement suppl\u00e9mentaire.<\/p>\n\n\n\n<hr class=\"wp-block-separator has-alpha-channel-opacity\"\/>\n\n\n\n<h3 class=\"wp-block-heading\"><strong>Cl\u00f4ture semestrielle r\u00e9jouissante de la Fondation de pr\u00e9voyance<\/strong><\/h3>\n\n\n\n<p>La situation financi\u00e8re des institutions de pr\u00e9voyance suisses a \u00e9volu\u00e9 positivement depuis fin 2023.<\/p>\n\n\n\n<p>La fondation de pr\u00e9voyance du personnel du groupe de boissons Feldschl\u00f6sschen a r\u00e9alis\u00e9 au premier semestre un rendement positif de <strong>3,86%<\/strong> sur l&rsquo;ensemble de sa fortune.<\/p>\n\n\n\n<p>Le <strong>taux de couverture<\/strong> au 30 juin 2024 s&rsquo;\u00e9l\u00e8ve \u00e0 <strong>116,88%<\/strong> et s&rsquo;est donc \u00e0 nouveau am\u00e9lior\u00e9 par rapport \u00e0 la cl\u00f4ture annuelle du 31 d\u00e9cembre 2023 (113,87%).<\/p>\n\n\n\n<p>La fortune de pr\u00e9voyance se montait \u00e0 694,25&nbsp;millions de francs au 30&nbsp;juin 2024 (673,8&nbsp;millions au 31&nbsp;d\u00e9cembre 2023).<\/p>\n\n\n\n<p>La <strong>r\u00e9serve de fluctuation de valeurs<\/strong> s&rsquo;\u00e9l\u00e8ve \u00e0 <strong>CHF 100 millions<\/strong> au 30 juin 2024 (31 d\u00e9cembre 2023: 81,8 millions). L&rsquo;objectif est de 101 millions.<\/p>\n\n\n\n<p><strong>Effectif des assur\u00e9s<\/strong><\/p>\n\n\n\n<p>Au 30 juin 2024, 1190 collaborateurs actifs \u00e9taient assur\u00e9s aupr\u00e8s de la Fondation de pr\u00e9voyance en faveur du personnel du groupe Feldschl\u00f6sschen Boissons (contre 1165 au 31 d\u00e9cembre 2023). R\u00e9partition en fonction des entreprises:<\/p>\n\n\n\n<ul class=\"wp-block-list\">\n<li>Feldschl\u00f6sschen Boissons SA &#8211; 410<\/li>\n\n\n\n<li>Feldschl\u00f6sschen Supply Company &#8211; 666<\/li>\n\n\n\n<li>Carlsberg Supply Company AG &#8211; 111<\/li>\n\n\n\n<li>Collaborateurs du programme Carlsberg Mobility &#8211; 3<\/li>\n<\/ul>\n\n\n\n<p>Au 30 juin 2024, le nombre de retrait\u00e9s b\u00e9n\u00e9ficiaires de rentes se montait \u00e0 1195 (contre 1220 au 31 d\u00e9cembre 2023).<\/p>\n\n\n\n<hr class=\"wp-block-separator has-css-opacity\"\/>\n\n\n\n<p><span lang=\"FR\">Vous trouverez les articles ant\u00e9rieures dans les <a href=\"https:\/\/www.pvs-feldschloesschen.ch\/fr\/generalites\/archives\/\">archives<\/a>.<\/span><\/p>\n\n\n\n<p><\/p>\n","protected":false},"excerpt":{"rendered":"<p>R\u00e8glement 2026 Un nouveau r\u00e8glement de pr\u00e9voyance entrera en vigueur le 1er janvier 2026. Les principales modifications sont les suivantes: Chiffre 4.4 \u2013 Rente de conjointJusqu&rsquo;\u00e0 pr\u00e9sent, seule la perception d&rsquo;une rente de conjoint \u00e9tait possible. D\u00e9sormais, il est possible d&rsquo;opter, \u00e0 la place d&rsquo;une rente de conjoint, pour une prestation de rente unique sous [&hellip;]<\/p>\n","protected":false},"author":1,"featured_media":61,"parent":82,"menu_order":2,"comment_status":"closed","ping_status":"closed","template":"","meta":{"_acf_changed":false,"footnotes":""},"class_list":["post-299","page","type-page","status-publish","has-post-thumbnail","hentry"],"acf":[],"_links":{"self":[{"href":"https:\/\/www.pvs-feldschloesschen.ch\/fr\/wp-json\/wp\/v2\/pages\/299","targetHints":{"allow":["GET"]}}],"collection":[{"href":"https:\/\/www.pvs-feldschloesschen.ch\/fr\/wp-json\/wp\/v2\/pages"}],"about":[{"href":"https:\/\/www.pvs-feldschloesschen.ch\/fr\/wp-json\/wp\/v2\/types\/page"}],"author":[{"embeddable":true,"href":"https:\/\/www.pvs-feldschloesschen.ch\/fr\/wp-json\/wp\/v2\/users\/1"}],"replies":[{"embeddable":true,"href":"https:\/\/www.pvs-feldschloesschen.ch\/fr\/wp-json\/wp\/v2\/comments?post=299"}],"version-history":[{"count":92,"href":"https:\/\/www.pvs-feldschloesschen.ch\/fr\/wp-json\/wp\/v2\/pages\/299\/revisions"}],"predecessor-version":[{"id":4562,"href":"https:\/\/www.pvs-feldschloesschen.ch\/fr\/wp-json\/wp\/v2\/pages\/299\/revisions\/4562"}],"up":[{"embeddable":true,"href":"https:\/\/www.pvs-feldschloesschen.ch\/fr\/wp-json\/wp\/v2\/pages\/82"}],"wp:featuredmedia":[{"embeddable":true,"href":"https:\/\/www.pvs-feldschloesschen.ch\/fr\/wp-json\/wp\/v2\/media\/61"}],"wp:attachment":[{"href":"https:\/\/www.pvs-feldschloesschen.ch\/fr\/wp-json\/wp\/v2\/media?parent=299"}],"curies":[{"name":"wp","href":"https:\/\/api.w.org\/{rel}","templated":true}]}}