{"id":306,"date":"2015-08-17T17:39:27","date_gmt":"2015-08-17T15:39:27","guid":{"rendered":"http:\/\/www.pvs-feldschloesschen.ch\/?page_id=306"},"modified":"2025-02-02T14:36:19","modified_gmt":"2025-02-02T13:36:19","slug":"chiffres-cles","status":"publish","type":"page","link":"https:\/\/www.pvs-feldschloesschen.ch\/fr\/generalites\/chiffres-cles\/","title":{"rendered":"Chiffres cl\u00e9s"},"content":{"rendered":"<ul>\n<li>Taux de couverture: 116,9% (31.12.2024)<\/li>\n<li>Taux d\u2019int\u00e9r\u00eat technique: 1% (31.12.2024)<\/li>\n<li>R\u00e9mun\u00e9ration des avoirs de vieillesse: 2,5%<\/li>\n<li>Taux de conversion: (Hommes 65 \/ Femmes 65) 5,1%<\/li>\n<li>Bases techniques LPP 2020, tables de g\u00e9n\u00e9ration (OFS 2018)<\/li>\n<\/ul>\n<p><a href=\"https:\/\/www.pvs-feldschloesschen.ch\/wp-content\/uploads\/2025\/02\/F-Chiffres-cles-2017-2024.pdf\" target=\"_blank\" rel=\"noopener\">Chiffres cl\u00e9s<\/a><\/p>\n\n\n<p><\/p>\n","protected":false},"excerpt":{"rendered":"<p>Taux de couverture: 116,9% (31.12.2024) Taux d\u2019int\u00e9r\u00eat technique: 1% (31.12.2024) R\u00e9mun\u00e9ration des avoirs de vieillesse: 2,5% Taux de conversion: (Hommes 65 \/ Femmes 65) 5,1% Bases techniques LPP 2020, tables de g\u00e9n\u00e9ration (OFS 2018) Chiffres cl\u00e9s<\/p>\n","protected":false},"author":1,"featured_media":70,"parent":82,"menu_order":20,"comment_status":"closed","ping_status":"closed","template":"","meta":{"_acf_changed":false,"footnotes":""},"class_list":["post-306","page","type-page","status-publish","has-post-thumbnail","hentry"],"acf":[],"_links":{"self":[{"href":"https:\/\/www.pvs-feldschloesschen.ch\/fr\/wp-json\/wp\/v2\/pages\/306","targetHints":{"allow":["GET"]}}],"collection":[{"href":"https:\/\/www.pvs-feldschloesschen.ch\/fr\/wp-json\/wp\/v2\/pages"}],"about":[{"href":"https:\/\/www.pvs-feldschloesschen.ch\/fr\/wp-json\/wp\/v2\/types\/page"}],"author":[{"embeddable":true,"href":"https:\/\/www.pvs-feldschloesschen.ch\/fr\/wp-json\/wp\/v2\/users\/1"}],"replies":[{"embeddable":true,"href":"https:\/\/www.pvs-feldschloesschen.ch\/fr\/wp-json\/wp\/v2\/comments?post=306"}],"version-history":[{"count":32,"href":"https:\/\/www.pvs-feldschloesschen.ch\/fr\/wp-json\/wp\/v2\/pages\/306\/revisions"}],"predecessor-version":[{"id":3919,"href":"https:\/\/www.pvs-feldschloesschen.ch\/fr\/wp-json\/wp\/v2\/pages\/306\/revisions\/3919"}],"up":[{"embeddable":true,"href":"https:\/\/www.pvs-feldschloesschen.ch\/fr\/wp-json\/wp\/v2\/pages\/82"}],"wp:featuredmedia":[{"embeddable":true,"href":"https:\/\/www.pvs-feldschloesschen.ch\/fr\/wp-json\/wp\/v2\/media\/70"}],"wp:attachment":[{"href":"https:\/\/www.pvs-feldschloesschen.ch\/fr\/wp-json\/wp\/v2\/media?parent=306"}],"curies":[{"name":"wp","href":"https:\/\/api.w.org\/{rel}","templated":true}]}}