{"id":317,"date":"2015-08-18T15:09:48","date_gmt":"2015-08-18T13:09:48","guid":{"rendered":"http:\/\/www.pvs-feldschloesschen.ch\/?page_id=317"},"modified":"2026-04-14T11:28:20","modified_gmt":"2026-04-14T09:28:20","slug":"placements","status":"publish","type":"page","link":"https:\/\/www.pvs-feldschloesschen.ch\/fr\/generalites\/placements\/","title":{"rendered":"Placements"},"content":{"rendered":"\n<div style=\"height:50px\" aria-hidden=\"true\" class=\"wp-block-spacer\"><\/div>\n\n\n<p><img loading=\"lazy\" decoding=\"async\" class=\"wp-image-2775 size-full alignnone\" src=\"https:\/\/www.pvs-feldschloesschen.ch\/wp-content\/uploads\/2022\/11\/FR.png\" alt=\"\" width=\"678\" height=\"364\" srcset=\"https:\/\/www.pvs-feldschloesschen.ch\/wp-content\/uploads\/2022\/11\/FR.png 678w, https:\/\/www.pvs-feldschloesschen.ch\/wp-content\/uploads\/2022\/11\/FR-300x161.png 300w, https:\/\/www.pvs-feldschloesschen.ch\/wp-content\/uploads\/2022\/11\/FR-335x180.png 335w\" sizes=\"auto, (max-width: 678px) 100vw, 678px\" \/><\/p>\n<p><strong>Placements\/Controlling\/reporting<br \/><\/strong>PPCmetrics AG, Badenerstrasse 6, 8021 Zurich<\/p>\n<p><strong>Office de d\u00e9p\u00f4t central<br \/><\/strong><span data-olk-copy-source=\"MessageBody\"> UBS (Switzerland) AG<\/span>, Zurich<\/p>\n<p><strong>Gestionnaire de fortune<br \/><\/strong><span data-olk-copy-source=\"MessageBody\"> UBS (Switzerland) AG<\/span> &#8211; Obligations Suisse<br \/><span data-olk-copy-source=\"MessageBody\"> UBS (Switzerland) AG<\/span> &#8211; Obligations Etranger hedged<br \/><span data-olk-copy-source=\"MessageBody\"> UBS (Switzerland) AG<\/span> &#8211; Actions Suisse<br \/><span data-olk-copy-source=\"MessageBody\"> UBS (Switzerland) AG<\/span> &#8211; Actions Etranger hedged<br \/><span data-olk-copy-source=\"MessageBody\"> UBS (Switzerland) AG<\/span>\u00a0&#8211; Actions Etranger Small Cap<br \/><span data-olk-copy-source=\"MessageBody\"> UBS (Switzerland) AG<\/span> \u2013 Actions March\u00e9s \u00e9mergents<br \/>Swisscanto Fondation de placement Immobilier<br \/>Cit\u00e9 du L\u00e9vant &#8211; Immobilier<\/p>\n<p><strong>Ordonnance contre les r\u00e9mun\u00e9rations abusives dans les soci\u00e9t\u00e9s anonymes cot\u00e9es en bourse (Orab)<\/strong><br \/>L&rsquo;ordonnance entr\u00e9e en vigueur au 1er janvier 2014 oblige les institutions de pr\u00e9voyance \u00e0 faire usage de leur droit de vote en tant qu&rsquo;actionnaires pour ce qui est des placements directs et \u00e0 communiquer aux assur\u00e9s ce qu&rsquo;elles ont vot\u00e9. La fondation de pr\u00e9voyance en faveur du personnel du groupe Feldschl\u00f6sschen Getr\u00e4nke investit uniquement dans des placements collectifs. Elle ne d\u00e9tient donc pas de placements au sens de l&rsquo;Orab et n&rsquo;est de fait pas soumise \u00e0 l&rsquo;obligation de voter.<\/p>","protected":false},"excerpt":{"rendered":"<p>Placements\/Controlling\/reportingPPCmetrics AG, Badenerstrasse 6, 8021 Zurich Office de d\u00e9p\u00f4t central UBS (Switzerland) AG, Zurich Gestionnaire de fortune UBS (Switzerland) AG &#8211; Obligations Suisse UBS (Switzerland) AG &#8211; Obligations Etranger hedged UBS (Switzerland) AG &#8211; Actions Suisse UBS (Switzerland) AG &#8211; Actions Etranger hedged UBS (Switzerland) AG\u00a0&#8211; Actions Etranger Small Cap UBS (Switzerland) AG \u2013 Actions [&hellip;]<\/p>\n","protected":false},"author":1,"featured_media":60,"parent":82,"menu_order":30,"comment_status":"closed","ping_status":"closed","template":"","meta":{"_acf_changed":false,"footnotes":""},"class_list":["post-317","page","type-page","status-publish","has-post-thumbnail","hentry"],"acf":[],"_links":{"self":[{"href":"https:\/\/www.pvs-feldschloesschen.ch\/fr\/wp-json\/wp\/v2\/pages\/317","targetHints":{"allow":["GET"]}}],"collection":[{"href":"https:\/\/www.pvs-feldschloesschen.ch\/fr\/wp-json\/wp\/v2\/pages"}],"about":[{"href":"https:\/\/www.pvs-feldschloesschen.ch\/fr\/wp-json\/wp\/v2\/types\/page"}],"author":[{"embeddable":true,"href":"https:\/\/www.pvs-feldschloesschen.ch\/fr\/wp-json\/wp\/v2\/users\/1"}],"replies":[{"embeddable":true,"href":"https:\/\/www.pvs-feldschloesschen.ch\/fr\/wp-json\/wp\/v2\/comments?post=317"}],"version-history":[{"count":8,"href":"https:\/\/www.pvs-feldschloesschen.ch\/fr\/wp-json\/wp\/v2\/pages\/317\/revisions"}],"predecessor-version":[{"id":4603,"href":"https:\/\/www.pvs-feldschloesschen.ch\/fr\/wp-json\/wp\/v2\/pages\/317\/revisions\/4603"}],"up":[{"embeddable":true,"href":"https:\/\/www.pvs-feldschloesschen.ch\/fr\/wp-json\/wp\/v2\/pages\/82"}],"wp:featuredmedia":[{"embeddable":true,"href":"https:\/\/www.pvs-feldschloesschen.ch\/fr\/wp-json\/wp\/v2\/media\/60"}],"wp:attachment":[{"href":"https:\/\/www.pvs-feldschloesschen.ch\/fr\/wp-json\/wp\/v2\/media?parent=317"}],"curies":[{"name":"wp","href":"https:\/\/api.w.org\/{rel}","templated":true}]}}