{"id":3493,"date":"2024-06-21T16:35:18","date_gmt":"2024-06-21T14:35:18","guid":{"rendered":"https:\/\/www.pvs-feldschloesschen.ch\/?page_id=3493"},"modified":"2025-05-26T09:09:15","modified_gmt":"2025-05-26T07:09:15","slug":"rapport-sur-la-durabilite","status":"publish","type":"page","link":"https:\/\/www.pvs-feldschloesschen.ch\/fr\/generalites\/rapport-sur-la-durabilite\/","title":{"rendered":"Rapport sur la durabilit\u00e9"},"content":{"rendered":"\n<p>La Fondation de pr\u00e9voyance du groupe Feldschl\u00f6sschen Boissons accorde une grande importance au th\u00e8me de la durabilit\u00e9 \u00e0 plusieurs niveaux. De par son mandat en tant qu\u2019institution du 2<sup>e<\/sup> pilier, la Fondation de pr\u00e9voyance du groupe Feldschl\u00f6sschen Boissons est en soi d\u00e9j\u00e0 ax\u00e9e sur l\u2019\u00e9quit\u00e9 interg\u00e9n\u00e9rationnelle et sur un d\u00e9veloppement durable. La t\u00e2che l\u00e9gale de la fondation est de garantir le versement des prestations promises et de trouver un \u00e9quilibre entre les ayant droit des diff\u00e9rentes g\u00e9n\u00e9rations (b\u00e9n\u00e9ficiaires de rentes et assur\u00e9s actifs). Comme le montre le pr\u00e9sent rapport, nous nous pr\u00e9occupons r\u00e9guli\u00e8rement de la durabilit\u00e9 de ses placements. L\u2019un des objectifs principaux de la Fondation de pr\u00e9voyance du groupe Feldschl\u00f6sschen Boissons est de garantir la viabilit\u00e9 environnementale de ses placements afin de pr\u00e9server la bonne r\u00e9putation de l\u2019entreprise Feldschl\u00f6sschen.<\/p>\n\n\n\n<ul class=\"wp-block-list\">\n<li><a href=\"https:\/\/www.pvs-feldschloesschen.ch\/wp-content\/uploads\/2025\/05\/2024_12_31-PVS-Feldschloesschen-ESG-Bericht_2024_FR.pdf\" target=\"_blank\" rel=\"noreferrer noopener\">Rapport sur la durabilit\u00e9 2024<\/a><\/li>\n\n\n\n<li><a href=\"https:\/\/www.pvs-feldschloesschen.ch\/wp-content\/uploads\/2024\/06\/Nachhaltigkeitsbericht-FR_2024_web.pdf\" data-type=\"attachment\" data-id=\"3487\" target=\"_blank\" rel=\"noreferrer noopener\">Rapport sur la durabilit\u00e9 2023<\/a><\/li>\n<\/ul>\n","protected":false},"excerpt":{"rendered":"<p>La Fondation de pr\u00e9voyance du groupe Feldschl\u00f6sschen Boissons accorde une grande importance au th\u00e8me de la durabilit\u00e9 \u00e0 plusieurs niveaux. De par son mandat en tant qu\u2019institution du 2e pilier, la Fondation de pr\u00e9voyance du groupe Feldschl\u00f6sschen Boissons est en soi d\u00e9j\u00e0 ax\u00e9e sur l\u2019\u00e9quit\u00e9 interg\u00e9n\u00e9rationnelle et sur un d\u00e9veloppement durable. La t\u00e2che l\u00e9gale de [&hellip;]<\/p>\n","protected":false},"author":1,"featured_media":2238,"parent":82,"menu_order":32,"comment_status":"closed","ping_status":"closed","template":"","meta":{"_acf_changed":false,"footnotes":""},"class_list":["post-3493","page","type-page","status-publish","has-post-thumbnail","hentry"],"acf":[],"_links":{"self":[{"href":"https:\/\/www.pvs-feldschloesschen.ch\/fr\/wp-json\/wp\/v2\/pages\/3493","targetHints":{"allow":["GET"]}}],"collection":[{"href":"https:\/\/www.pvs-feldschloesschen.ch\/fr\/wp-json\/wp\/v2\/pages"}],"about":[{"href":"https:\/\/www.pvs-feldschloesschen.ch\/fr\/wp-json\/wp\/v2\/types\/page"}],"author":[{"embeddable":true,"href":"https:\/\/www.pvs-feldschloesschen.ch\/fr\/wp-json\/wp\/v2\/users\/1"}],"replies":[{"embeddable":true,"href":"https:\/\/www.pvs-feldschloesschen.ch\/fr\/wp-json\/wp\/v2\/comments?post=3493"}],"version-history":[{"count":3,"href":"https:\/\/www.pvs-feldschloesschen.ch\/fr\/wp-json\/wp\/v2\/pages\/3493\/revisions"}],"predecessor-version":[{"id":4296,"href":"https:\/\/www.pvs-feldschloesschen.ch\/fr\/wp-json\/wp\/v2\/pages\/3493\/revisions\/4296"}],"up":[{"embeddable":true,"href":"https:\/\/www.pvs-feldschloesschen.ch\/fr\/wp-json\/wp\/v2\/pages\/82"}],"wp:featuredmedia":[{"embeddable":true,"href":"https:\/\/www.pvs-feldschloesschen.ch\/fr\/wp-json\/wp\/v2\/media\/2238"}],"wp:attachment":[{"href":"https:\/\/www.pvs-feldschloesschen.ch\/fr\/wp-json\/wp\/v2\/media?parent=3493"}],"curies":[{"name":"wp","href":"https:\/\/api.w.org\/{rel}","templated":true}]}}