{"id":363,"date":"2020-04-01T00:15:55","date_gmt":"2020-03-31T22:15:55","guid":{"rendered":"http:\/\/www.pvs-feldschloesschen.ch\/?page_id=363"},"modified":"2025-01-01T15:15:28","modified_gmt":"2025-01-01T14:15:28","slug":"contact","status":"publish","type":"page","link":"https:\/\/www.pvs-feldschloesschen.ch\/fr\/contact\/","title":{"rendered":"Contact"},"content":{"rendered":"\n<p>Personalvorsorgestiftung der Feldschl\u00f6sschen-Getr\u00e4nkegruppe<br>c\/o Avadis Vorsorge AG<br>Zollstrasse 42<br>Case postale<br>8031 Z\u00fcrich<br>Suisse<\/p>\n\n\n\n<p><br><strong>Pour les assur\u00e9\/es actif\/ves:<\/strong><\/p>\n\n\n\n<p>N\u00b0 de t\u00e9l.: <a href=\"tel:41585858334\">0041 58 585 83 34<\/a><\/p>\n\n\n\n<p>E-mail: <a href=\"mailto:feldschloesschen@avadis.ch\">feldschloesschen@avadis.ch<\/a><\/p>\n\n\n\n<p><\/p>\n\n\n\n<p><br><strong>Pour les b\u00e9n\u00e9ficiaires de rente:<\/strong><\/p>\n\n\n\n<p>N\u00b0 de t\u00e9l.: <a href=\"tel:0041585851334\">0041 58 585 13 34<\/a><\/p>\n\n\n\n<p>E-mail: <a href=\"mailto:leistungsdienst@avadis.ch\">leistungsdienst@avadis.ch<\/a><\/p>\n\n\n\n<p>\u00a0Sujet: \u00abFeldschl\u00f6sschen\u00bb<\/p>\n","protected":false},"excerpt":{"rendered":"<p>Personalvorsorgestiftung der Feldschl\u00f6sschen-Getr\u00e4nkegruppec\/o Avadis Vorsorge AGZollstrasse 42Case postale8031 Z\u00fcrichSuisse Pour les assur\u00e9\/es actif\/ves: N\u00b0 de t\u00e9l.: 0041 58 585 83 34 E-mail: feldschloesschen@avadis.ch Pour les b\u00e9n\u00e9ficiaires de rente: N\u00b0 de t\u00e9l.: 0041 58 585 13 34 E-mail: leistungsdienst@avadis.ch \u00a0Sujet: \u00abFeldschl\u00f6sschen\u00bb<\/p>\n","protected":false},"author":1,"featured_media":60,"parent":0,"menu_order":129,"comment_status":"closed","ping_status":"closed","template":"","meta":{"_acf_changed":false,"footnotes":""},"class_list":["post-363","page","type-page","status-publish","has-post-thumbnail","hentry"],"acf":[],"_links":{"self":[{"href":"https:\/\/www.pvs-feldschloesschen.ch\/fr\/wp-json\/wp\/v2\/pages\/363","targetHints":{"allow":["GET"]}}],"collection":[{"href":"https:\/\/www.pvs-feldschloesschen.ch\/fr\/wp-json\/wp\/v2\/pages"}],"about":[{"href":"https:\/\/www.pvs-feldschloesschen.ch\/fr\/wp-json\/wp\/v2\/types\/page"}],"author":[{"embeddable":true,"href":"https:\/\/www.pvs-feldschloesschen.ch\/fr\/wp-json\/wp\/v2\/users\/1"}],"replies":[{"embeddable":true,"href":"https:\/\/www.pvs-feldschloesschen.ch\/fr\/wp-json\/wp\/v2\/comments?post=363"}],"version-history":[{"count":19,"href":"https:\/\/www.pvs-feldschloesschen.ch\/fr\/wp-json\/wp\/v2\/pages\/363\/revisions"}],"predecessor-version":[{"id":3886,"href":"https:\/\/www.pvs-feldschloesschen.ch\/fr\/wp-json\/wp\/v2\/pages\/363\/revisions\/3886"}],"wp:featuredmedia":[{"embeddable":true,"href":"https:\/\/www.pvs-feldschloesschen.ch\/fr\/wp-json\/wp\/v2\/media\/60"}],"wp:attachment":[{"href":"https:\/\/www.pvs-feldschloesschen.ch\/fr\/wp-json\/wp\/v2\/media?parent=363"}],"curies":[{"name":"wp","href":"https:\/\/api.w.org\/{rel}","templated":true}]}}