{"id":377,"date":"2015-08-18T16:15:56","date_gmt":"2015-08-18T14:15:56","guid":{"rendered":"http:\/\/www.pvs-feldschloesschen.ch\/?page_id=377"},"modified":"2024-12-28T19:55:39","modified_gmt":"2024-12-28T18:55:39","slug":"conseil-de-fondation","status":"publish","type":"page","link":"https:\/\/www.pvs-feldschloesschen.ch\/fr\/qui-sommes-nous\/conseil-de-fondation\/","title":{"rendered":"Conseil de fondation"},"content":{"rendered":"<p><strong>D\u00e9l\u00e9gu\u00e9s de l\u2018employeur<\/strong><\/p>\n<ul>\n<li>Claude Kirschner, pr\u00e9sident<\/li>\n<li>Patrik F\u00fceg<\/li>\n<li>Thomas Metzger<\/li>\n<li>Karine Finck<\/li>\n<\/ul>\n<p><strong>D\u00e9l\u00e9gu\u00e9s des salari\u00e9s<\/strong><\/p>\n<ul>\n<li>Daniel Berger (Customer Supply Chain)<\/li>\n<li>Marcel Kiesewetter (Production)<\/li>\n<li>Ulrich Reinhard (Vente)<\/li>\n<li>Simone Schaub-Oberholzer (Administration)<\/li>\n<\/ul>\n","protected":false},"excerpt":{"rendered":"<p>D\u00e9l\u00e9gu\u00e9s de l\u2018employeur Claude Kirschner, pr\u00e9sident Patrik F\u00fceg Thomas Metzger Karine Finck D\u00e9l\u00e9gu\u00e9s des salari\u00e9s Daniel Berger (Customer Supply Chain) Marcel Kiesewetter (Production) Ulrich Reinhard (Vente) Simone Schaub-Oberholzer (Administration)<\/p>\n","protected":false},"author":1,"featured_media":69,"parent":344,"menu_order":62,"comment_status":"closed","ping_status":"closed","template":"","meta":{"_acf_changed":false,"footnotes":""},"class_list":["post-377","page","type-page","status-publish","has-post-thumbnail","hentry"],"acf":[],"_links":{"self":[{"href":"https:\/\/www.pvs-feldschloesschen.ch\/fr\/wp-json\/wp\/v2\/pages\/377","targetHints":{"allow":["GET"]}}],"collection":[{"href":"https:\/\/www.pvs-feldschloesschen.ch\/fr\/wp-json\/wp\/v2\/pages"}],"about":[{"href":"https:\/\/www.pvs-feldschloesschen.ch\/fr\/wp-json\/wp\/v2\/types\/page"}],"author":[{"embeddable":true,"href":"https:\/\/www.pvs-feldschloesschen.ch\/fr\/wp-json\/wp\/v2\/users\/1"}],"replies":[{"embeddable":true,"href":"https:\/\/www.pvs-feldschloesschen.ch\/fr\/wp-json\/wp\/v2\/comments?post=377"}],"version-history":[{"count":9,"href":"https:\/\/www.pvs-feldschloesschen.ch\/fr\/wp-json\/wp\/v2\/pages\/377\/revisions"}],"predecessor-version":[{"id":3649,"href":"https:\/\/www.pvs-feldschloesschen.ch\/fr\/wp-json\/wp\/v2\/pages\/377\/revisions\/3649"}],"up":[{"embeddable":true,"href":"https:\/\/www.pvs-feldschloesschen.ch\/fr\/wp-json\/wp\/v2\/pages\/344"}],"wp:featuredmedia":[{"embeddable":true,"href":"https:\/\/www.pvs-feldschloesschen.ch\/fr\/wp-json\/wp\/v2\/media\/69"}],"wp:attachment":[{"href":"https:\/\/www.pvs-feldschloesschen.ch\/fr\/wp-json\/wp\/v2\/media?parent=377"}],"curies":[{"name":"wp","href":"https:\/\/api.w.org\/{rel}","templated":true}]}}