{"id":412,"date":"2015-08-18T16:47:49","date_gmt":"2015-08-18T14:47:49","guid":{"rendered":"http:\/\/www.pvs-feldschloesschen.ch\/?page_id=412"},"modified":"2025-07-23T17:52:55","modified_gmt":"2025-07-23T15:52:55","slug":"entree-dans-la-caisse-de-pensions","status":"publish","type":"page","link":"https:\/\/www.pvs-feldschloesschen.ch\/fr\/cotisations-et-prestations\/entree-dans-la-caisse-de-pensions\/","title":{"rendered":"Entr\u00e9e dans la caisse de pensions"},"content":{"rendered":"<p>Si vous touchez un salaire annuel brut d\u2019au moins CHF 22 680, votre employeur est tenu de vous assurer aupr\u00e8s d\u2019une caisse de pension. Cette obligation est pr\u00e9vue par la loi f\u00e9d\u00e9rale sur la pr\u00e9voyance professionnelle vieillesse, survivants et invalidit\u00e9 (LPP).<\/p>\n<p>La couverture de pr\u00e9voyance en cas de d\u00e9c\u00e8s et d\u2019invalidit\u00e9 court \u00e0 compter du 1<sup>er <\/sup>janvier suivant le 17<sup>e<\/sup> anniversaire (cotisations r\u00e9duites). A partir du 19<sup>e<\/sup> anniversaire s\u2019ajoute la pr\u00e9voyance vieillesse avec augmentation progressive des cotisations en fonction de l\u2019\u00e2ge.<\/p>\n<p>Une fois que le service du personnel vous a annonc\u00e9 aupr\u00e8s de la <i>Personalvorsorgestiftung der Feldschl\u00f6sschen-Getr\u00e4nkegruppe<\/i>, vous obtenez les documents suivants:<\/p>\n<ul>\n<li>Un certificat de pr\u00e9voyance li\u00e9 aux prestations assur\u00e9es conform\u00e9ment \u00e0 votre plan de pr\u00e9voyance. La couverture d\u2019assurance court d\u00e8s votre entr\u00e9e dans la caisse de pension.<\/li>\n<li>Un bulletin de versement. Si vous \u00e9tiez affili\u00e9 \u00e0 une autre institution de pr\u00e9voyance suisse, celle-ci effectuera le transfert de votre avoir de libre passage (capital acquis) au moyen de ce bulletin de versement que vous lui aurez remis.<\/li>\n<\/ul>\n","protected":false},"excerpt":{"rendered":"<p>Si vous touchez un salaire annuel brut d\u2019au moins CHF 22 680, votre employeur est tenu de vous assurer aupr\u00e8s d\u2019une caisse de pension. Cette obligation est pr\u00e9vue par la loi f\u00e9d\u00e9rale sur la pr\u00e9voyance professionnelle vieillesse, survivants et invalidit\u00e9 (LPP). La couverture de pr\u00e9voyance en cas de d\u00e9c\u00e8s et d\u2019invalidit\u00e9 court \u00e0 compter du [&hellip;]<\/p>\n","protected":false},"author":1,"featured_media":59,"parent":350,"menu_order":89,"comment_status":"closed","ping_status":"closed","template":"","meta":{"_acf_changed":false,"footnotes":""},"class_list":["post-412","page","type-page","status-publish","has-post-thumbnail","hentry"],"acf":[],"_links":{"self":[{"href":"https:\/\/www.pvs-feldschloesschen.ch\/fr\/wp-json\/wp\/v2\/pages\/412","targetHints":{"allow":["GET"]}}],"collection":[{"href":"https:\/\/www.pvs-feldschloesschen.ch\/fr\/wp-json\/wp\/v2\/pages"}],"about":[{"href":"https:\/\/www.pvs-feldschloesschen.ch\/fr\/wp-json\/wp\/v2\/types\/page"}],"author":[{"embeddable":true,"href":"https:\/\/www.pvs-feldschloesschen.ch\/fr\/wp-json\/wp\/v2\/users\/1"}],"replies":[{"embeddable":true,"href":"https:\/\/www.pvs-feldschloesschen.ch\/fr\/wp-json\/wp\/v2\/comments?post=412"}],"version-history":[{"count":9,"href":"https:\/\/www.pvs-feldschloesschen.ch\/fr\/wp-json\/wp\/v2\/pages\/412\/revisions"}],"predecessor-version":[{"id":4332,"href":"https:\/\/www.pvs-feldschloesschen.ch\/fr\/wp-json\/wp\/v2\/pages\/412\/revisions\/4332"}],"up":[{"embeddable":true,"href":"https:\/\/www.pvs-feldschloesschen.ch\/fr\/wp-json\/wp\/v2\/pages\/350"}],"wp:featuredmedia":[{"embeddable":true,"href":"https:\/\/www.pvs-feldschloesschen.ch\/fr\/wp-json\/wp\/v2\/media\/59"}],"wp:attachment":[{"href":"https:\/\/www.pvs-feldschloesschen.ch\/fr\/wp-json\/wp\/v2\/media?parent=412"}],"curies":[{"name":"wp","href":"https:\/\/api.w.org\/{rel}","templated":true}]}}