{"id":418,"date":"2015-08-18T16:49:03","date_gmt":"2015-08-18T14:49:03","guid":{"rendered":"http:\/\/www.pvs-feldschloesschen.ch\/?page_id=418"},"modified":"2024-08-19T15:35:33","modified_gmt":"2024-08-19T13:35:33","slug":"plans-de-prevoyance","status":"publish","type":"page","link":"https:\/\/www.pvs-feldschloesschen.ch\/fr\/cotisations-et-prestations\/plans-de-prevoyance\/","title":{"rendered":"Plans de pr\u00e9voyance"},"content":{"rendered":"<p>La <i>Personalvorsorgestiftung der Feldschl\u00f6sschen-Getr\u00e4nkegruppe<\/i> vous propose deux solutions de pr\u00e9voyance bien distinctes. L\u2019unique diff\u00e9rence entre les deux plans est le montant des cotisations \u00e0 verser par vous en tant que salari\u00e9:<\/p>\n<p><b>Plan de base<br \/>\n<\/b>vous versez 40% des cotisations, et votre employeur 60%.<\/p>\n<p><b>Plan plus<br \/>\n<\/b>vous versez autant de cotisations que votre employeur. La part\u00a0de votre employeur demeurant inchang\u00e9e la v\u00f4tre sera plus\u00a0\u00e9lev\u00e9e. Vous augmentez ainsi votre \u00e9pargne de vieillesse ce\u00a0qui vous donnera droit \u00e0 une rente de vieillesse plus \u00e9lev\u00e9e.<\/p>\n<p>Le Plan de base est automatiquement appliqu\u00e9 pour les nouveaux assur\u00e9s. Vous pouvez par la suite demander un passage au Plan plus ou un retour au Plan de base quand vous le souhaitez.<\/p>\n","protected":false},"excerpt":{"rendered":"<p>La Personalvorsorgestiftung der Feldschl\u00f6sschen-Getr\u00e4nkegruppe vous propose deux solutions de pr\u00e9voyance bien distinctes. L\u2019unique diff\u00e9rence entre les deux plans est le montant des cotisations \u00e0 verser par vous en tant que salari\u00e9: Plan de base vous versez 40% des cotisations, et votre employeur 60%. Plan plus vous versez autant de cotisations que votre employeur. La part\u00a0de [&hellip;]<\/p>\n","protected":false},"author":1,"featured_media":68,"parent":350,"menu_order":81,"comment_status":"closed","ping_status":"closed","template":"","meta":{"_acf_changed":false,"footnotes":""},"class_list":["post-418","page","type-page","status-publish","has-post-thumbnail","hentry"],"acf":[],"_links":{"self":[{"href":"https:\/\/www.pvs-feldschloesschen.ch\/fr\/wp-json\/wp\/v2\/pages\/418","targetHints":{"allow":["GET"]}}],"collection":[{"href":"https:\/\/www.pvs-feldschloesschen.ch\/fr\/wp-json\/wp\/v2\/pages"}],"about":[{"href":"https:\/\/www.pvs-feldschloesschen.ch\/fr\/wp-json\/wp\/v2\/types\/page"}],"author":[{"embeddable":true,"href":"https:\/\/www.pvs-feldschloesschen.ch\/fr\/wp-json\/wp\/v2\/users\/1"}],"replies":[{"embeddable":true,"href":"https:\/\/www.pvs-feldschloesschen.ch\/fr\/wp-json\/wp\/v2\/comments?post=418"}],"version-history":[{"count":4,"href":"https:\/\/www.pvs-feldschloesschen.ch\/fr\/wp-json\/wp\/v2\/pages\/418\/revisions"}],"predecessor-version":[{"id":3514,"href":"https:\/\/www.pvs-feldschloesschen.ch\/fr\/wp-json\/wp\/v2\/pages\/418\/revisions\/3514"}],"up":[{"embeddable":true,"href":"https:\/\/www.pvs-feldschloesschen.ch\/fr\/wp-json\/wp\/v2\/pages\/350"}],"wp:featuredmedia":[{"embeddable":true,"href":"https:\/\/www.pvs-feldschloesschen.ch\/fr\/wp-json\/wp\/v2\/media\/68"}],"wp:attachment":[{"href":"https:\/\/www.pvs-feldschloesschen.ch\/fr\/wp-json\/wp\/v2\/media?parent=418"}],"curies":[{"name":"wp","href":"https:\/\/api.w.org\/{rel}","templated":true}]}}