{"id":424,"date":"2015-08-18T16:50:43","date_gmt":"2015-08-18T14:50:43","guid":{"rendered":"http:\/\/www.pvs-feldschloesschen.ch\/?page_id=424"},"modified":"2024-12-28T19:53:45","modified_gmt":"2024-12-28T18:53:45","slug":"salaire-assure","status":"publish","type":"page","link":"https:\/\/www.pvs-feldschloesschen.ch\/fr\/cotisations-et-prestations\/salaire-assure\/","title":{"rendered":"Salaire assur\u00e9"},"content":{"rendered":"<p>Votre salaire assur\u00e9 ou coordonn\u00e9 correspond \u00e0 votre salaire annuel brut moins la d\u00e9duction de coordination. Il s\u2019agit d\u2019une disposition permettant le calcul de la hauteur d\u2019une protection d\u2019assurance sens\u00e9e dans le cadre du syst\u00e8me des trois piliers: avec la d\u00e9duction, vos prestations de la pr\u00e9voyance professionnelle (2<sup>e<\/sup> pilier) sont harmonis\u00e9es (coordonn\u00e9es) avec vos prestations de l\u2019AVS (1<sup>er<\/sup> pilier) en vue de maintenir votre niveau de vie d\u2019avant la retraite. La hauteur de la d\u00e9duction de coordination est d\u00e9termin\u00e9e par le Conseil f\u00e9d\u00e9ral et adapt\u00e9e tous les deux ans. En revanche, le calcul des cotisations AVS repose en principe sur le revenu brut global.<\/p>\n<p><b>Exemples de calcul (en francs suisses):<\/b><\/p>\n<p><b> exemple 1<br \/>\n<\/b>taux d\u2019occupation: 100%<br \/>\nsalaire annuel: 26 600<br \/>\nd\u00e9d. de coordination: &#8211; 26 460<br \/>\nsalaire assur\u00e9: 3 780<b><br \/>\n<\/b><\/p>\n<p><b>exemple 2<br \/>\n<\/b>taux d\u2019occupation: 100%<br \/>\nsalaire annuel: 65 000<br \/>\nd\u00e9d. de coordination: &#8211; 26 460<br \/>\nsalaire assur\u00e9: 38 540<b><br \/>\n<\/b><\/p>\n<p><b>exemple 3<br \/>\n<\/b>taux d\u2019occupation: 100%<br \/>\nsalaire annuel: 150 000<br \/>\nd\u00e9d. de coordination: &#8211; 26 460<br \/>\nsalaire assur\u00e9: 123 540<b><br \/>\n<\/b><\/p>\n<p><b>exemple 4<br \/>\n<\/b>taux d\u2019occupation: 50%<br \/>\nsalaire annuel:\u00a052 000<br \/>\nd\u00e9d. de coordination: &#8211; 13 230<br \/>\nsalaire assur\u00e9: 38 770<\/p>\n<p>Le tableau montre que pour un revenu bas, le salaire assur\u00e9 est bas aussi, tout comme les cotisations et les rentes. Dans ce cas, la pr\u00e9voyance repose principalement sur l\u2019AVS, et les prestations de la caisse de pension repr\u00e9sentent un compl\u00e9ment. Plus le salaire assur\u00e9 est haut, plus les cotisations de l\u2019employeur et du salari\u00e9 sont importantes et plus les prestations escompt\u00e9es sont \u00e9lev\u00e9es.<\/p>\n<p>Le salaire minimum assur\u00e9 s\u2019\u00e9l\u00e8ve \u00e0 3 780 SFr. Cette disposition l\u00e9gale profite aux salari\u00e9s avec un revenu situ\u00e9 entre le revenu minimum de 22 680 SFr. et 30 240 SFr., car ils b\u00e9n\u00e9ficient de rentes reposant sur le salaire minimum assur\u00e9.<\/p>\n","protected":false},"excerpt":{"rendered":"<p>Votre salaire assur\u00e9 ou coordonn\u00e9 correspond \u00e0 votre salaire annuel brut moins la d\u00e9duction de coordination. Il s\u2019agit d\u2019une disposition permettant le calcul de la hauteur d\u2019une protection d\u2019assurance sens\u00e9e dans le cadre du syst\u00e8me des trois piliers: avec la d\u00e9duction, vos prestations de la pr\u00e9voyance professionnelle (2e pilier) sont harmonis\u00e9es (coordonn\u00e9es) avec vos prestations [&hellip;]<\/p>\n","protected":false},"author":1,"featured_media":68,"parent":350,"menu_order":96,"comment_status":"closed","ping_status":"closed","template":"","meta":{"_acf_changed":false,"footnotes":""},"class_list":["post-424","page","type-page","status-publish","has-post-thumbnail","hentry"],"acf":[],"_links":{"self":[{"href":"https:\/\/www.pvs-feldschloesschen.ch\/fr\/wp-json\/wp\/v2\/pages\/424","targetHints":{"allow":["GET"]}}],"collection":[{"href":"https:\/\/www.pvs-feldschloesschen.ch\/fr\/wp-json\/wp\/v2\/pages"}],"about":[{"href":"https:\/\/www.pvs-feldschloesschen.ch\/fr\/wp-json\/wp\/v2\/types\/page"}],"author":[{"embeddable":true,"href":"https:\/\/www.pvs-feldschloesschen.ch\/fr\/wp-json\/wp\/v2\/users\/1"}],"replies":[{"embeddable":true,"href":"https:\/\/www.pvs-feldschloesschen.ch\/fr\/wp-json\/wp\/v2\/comments?post=424"}],"version-history":[{"count":9,"href":"https:\/\/www.pvs-feldschloesschen.ch\/fr\/wp-json\/wp\/v2\/pages\/424\/revisions"}],"predecessor-version":[{"id":3646,"href":"https:\/\/www.pvs-feldschloesschen.ch\/fr\/wp-json\/wp\/v2\/pages\/424\/revisions\/3646"}],"up":[{"embeddable":true,"href":"https:\/\/www.pvs-feldschloesschen.ch\/fr\/wp-json\/wp\/v2\/pages\/350"}],"wp:featuredmedia":[{"embeddable":true,"href":"https:\/\/www.pvs-feldschloesschen.ch\/fr\/wp-json\/wp\/v2\/media\/68"}],"wp:attachment":[{"href":"https:\/\/www.pvs-feldschloesschen.ch\/fr\/wp-json\/wp\/v2\/media?parent=424"}],"curies":[{"name":"wp","href":"https:\/\/api.w.org\/{rel}","templated":true}]}}