{"id":430,"date":"2015-08-18T16:52:02","date_gmt":"2015-08-18T14:52:02","guid":{"rendered":"http:\/\/www.pvs-feldschloesschen.ch\/?page_id=430"},"modified":"2015-12-31T10:53:44","modified_gmt":"2015-12-31T09:53:44","slug":"cotisations-de-lemployeur-et-des-salaries","status":"publish","type":"page","link":"https:\/\/www.pvs-feldschloesschen.ch\/fr\/cotisations-et-prestations\/cotisations-de-lemployeur-et-des-salaries\/","title":{"rendered":"Cotisations de l&#8217;employeur et des salari\u00e9s"},"content":{"rendered":"<p>Le montant des cotisations \u00e0 verser \u00e0 la caisse de pension correspond \u00e0 un pourcentage de votre salaire assur\u00e9 (coordonn\u00e9). Votre employeur d\u00e9duit votre part de votre salaire mensuel et la verse avec sa part \u00e0 la caisse de pension.<\/p>\n<p>Les cotisations comportent deux volets:<\/p>\n<ul>\n<li>la cotisation vieillesse servant au financement de votre pr\u00e9voyance vieillesse,<\/li>\n<li>la cotisation risques servant au financement de vos prestations invalidit\u00e9 et d\u00e9c\u00e8s avant l\u2019\u00e2ge ordinaire de la retraite.<\/li>\n<\/ul>\n<p>Le montant de votre cotisation vieillesse d\u00e9pend de votre \u00e2ge. Pour le Plan de base, vous versez une part de 40% et votre employeur une part de 60%. Pour le Plan Plus, votre employeur verse autant que pour le plan de base, alors que vous versez le m\u00eame montant que votre employeur. De cette mani\u00e8re, votre \u00e9pargne sera plus importante et vos rentes seront plus \u00e9lev\u00e9es \u00e9galement.<\/p>\n<p>Les cotisations risques repr\u00e9sentent 3,5% votre salaire assur\u00e9. Votre part s\u2019\u00e9l\u00e8ve \u00e0 40% et celle de votre employeur \u00e0 60%, ind\u00e9pendamment du plan de pr\u00e9voyance.<\/p>\n<p>L\u2019appendice du r\u00e8glement vous donne une id\u00e9e des cotisations approximatives \u00e0 verser. Vous y trouvez \u00e9galement des tableaux en fonction de l\u2019\u00e2ge.<\/p>\n","protected":false},"excerpt":{"rendered":"<p>Le montant des cotisations \u00e0 verser \u00e0 la caisse de pension correspond \u00e0 un pourcentage de votre salaire assur\u00e9 (coordonn\u00e9). Votre employeur d\u00e9duit votre part de votre salaire mensuel et la verse avec sa part \u00e0 la caisse de pension. Les cotisations comportent deux volets: la cotisation vieillesse servant au financement de votre pr\u00e9voyance vieillesse, [&hellip;]<\/p>\n","protected":false},"author":1,"featured_media":61,"parent":350,"menu_order":36,"comment_status":"closed","ping_status":"closed","template":"","meta":{"_acf_changed":false,"footnotes":""},"class_list":["post-430","page","type-page","status-publish","has-post-thumbnail","hentry"],"acf":[],"_links":{"self":[{"href":"https:\/\/www.pvs-feldschloesschen.ch\/fr\/wp-json\/wp\/v2\/pages\/430","targetHints":{"allow":["GET"]}}],"collection":[{"href":"https:\/\/www.pvs-feldschloesschen.ch\/fr\/wp-json\/wp\/v2\/pages"}],"about":[{"href":"https:\/\/www.pvs-feldschloesschen.ch\/fr\/wp-json\/wp\/v2\/types\/page"}],"author":[{"embeddable":true,"href":"https:\/\/www.pvs-feldschloesschen.ch\/fr\/wp-json\/wp\/v2\/users\/1"}],"replies":[{"embeddable":true,"href":"https:\/\/www.pvs-feldschloesschen.ch\/fr\/wp-json\/wp\/v2\/comments?post=430"}],"version-history":[{"count":4,"href":"https:\/\/www.pvs-feldschloesschen.ch\/fr\/wp-json\/wp\/v2\/pages\/430\/revisions"}],"predecessor-version":[{"id":1005,"href":"https:\/\/www.pvs-feldschloesschen.ch\/fr\/wp-json\/wp\/v2\/pages\/430\/revisions\/1005"}],"up":[{"embeddable":true,"href":"https:\/\/www.pvs-feldschloesschen.ch\/fr\/wp-json\/wp\/v2\/pages\/350"}],"wp:featuredmedia":[{"embeddable":true,"href":"https:\/\/www.pvs-feldschloesschen.ch\/fr\/wp-json\/wp\/v2\/media\/61"}],"wp:attachment":[{"href":"https:\/\/www.pvs-feldschloesschen.ch\/fr\/wp-json\/wp\/v2\/media?parent=430"}],"curies":[{"name":"wp","href":"https:\/\/api.w.org\/{rel}","templated":true}]}}