{"id":436,"date":"2015-08-18T17:01:14","date_gmt":"2015-08-18T15:01:14","guid":{"rendered":"http:\/\/www.pvs-feldschloesschen.ch\/?page_id=436"},"modified":"2020-01-16T13:27:55","modified_gmt":"2020-01-16T12:27:55","slug":"compte-epargne","status":"publish","type":"page","link":"https:\/\/www.pvs-feldschloesschen.ch\/fr\/cotisations-et-prestations\/compte-epargne\/","title":{"rendered":"Compte \u00e9pargne"},"content":{"rendered":"<p>Le 1<sup>er<\/sup> janvier suivant le 19<sup>e<\/sup> anniversaire de chaque personne assur\u00e9e, un compte \u00e9pargne individuel est ouvert \u00e0 son nom dans le cadre de la pr\u00e9voyance vieillesse. Votre avoir de vieillesse (\u00e9pargne vieillesse) comprend:<\/p>\n<ul>\n<li>votre avoir (prestations de libre passage) provenant d\u2019autres institutions de pr\u00e9voyance et apport\u00e9es au moment de votre entr\u00e9e dans la caisse de pension,<\/li>\n<li>vos versements facultatifs ou rachats en vue d\u2019accro\u00eetre votre pr\u00e9voyance individuelle,<\/li>\n<li>vos cotisations vieillesse selon le tableau annex\u00e9 au r\u00e8glement de l\u2019institution de pr\u00e9voyance,<\/li>\n<li>les int\u00e9r\u00eats.<\/li>\n<\/ul>\n<p>Le conseil de fondation d\u00e9cide chaque ann\u00e9e de la hauteur des int\u00e9r\u00eats sur les avoirs de vieillesse. Le taux d\u2019int\u00e9r\u00eats correspond g\u00e9n\u00e9ralement au taux minimal fix\u00e9 par le Conseil f\u00e9d\u00e9ral. L\u2019objectif \u00e9tant d\u2019atteindre un taux correspondant \u00e0 la situation des march\u00e9s de placement et qui, dans l\u2019int\u00e9r\u00eat des assur\u00e9s, permette de maintenir une structure financi\u00e8re saine de la fondation de pr\u00e9voyance.<\/p>\n","protected":false},"excerpt":{"rendered":"<p>Le 1er janvier suivant le 19e anniversaire de chaque personne assur\u00e9e, un compte \u00e9pargne individuel est ouvert \u00e0 son nom dans le cadre de la pr\u00e9voyance vieillesse. Votre avoir de vieillesse (\u00e9pargne vieillesse) comprend: votre avoir (prestations de libre passage) provenant d\u2019autres institutions de pr\u00e9voyance et apport\u00e9es au moment de votre entr\u00e9e dans la caisse [&hellip;]<\/p>\n","protected":false},"author":1,"featured_media":68,"parent":350,"menu_order":38,"comment_status":"closed","ping_status":"closed","template":"","meta":{"_acf_changed":false,"footnotes":""},"class_list":["post-436","page","type-page","status-publish","has-post-thumbnail","hentry"],"acf":[],"_links":{"self":[{"href":"https:\/\/www.pvs-feldschloesschen.ch\/fr\/wp-json\/wp\/v2\/pages\/436","targetHints":{"allow":["GET"]}}],"collection":[{"href":"https:\/\/www.pvs-feldschloesschen.ch\/fr\/wp-json\/wp\/v2\/pages"}],"about":[{"href":"https:\/\/www.pvs-feldschloesschen.ch\/fr\/wp-json\/wp\/v2\/types\/page"}],"author":[{"embeddable":true,"href":"https:\/\/www.pvs-feldschloesschen.ch\/fr\/wp-json\/wp\/v2\/users\/1"}],"replies":[{"embeddable":true,"href":"https:\/\/www.pvs-feldschloesschen.ch\/fr\/wp-json\/wp\/v2\/comments?post=436"}],"version-history":[{"count":4,"href":"https:\/\/www.pvs-feldschloesschen.ch\/fr\/wp-json\/wp\/v2\/pages\/436\/revisions"}],"predecessor-version":[{"id":1853,"href":"https:\/\/www.pvs-feldschloesschen.ch\/fr\/wp-json\/wp\/v2\/pages\/436\/revisions\/1853"}],"up":[{"embeddable":true,"href":"https:\/\/www.pvs-feldschloesschen.ch\/fr\/wp-json\/wp\/v2\/pages\/350"}],"wp:featuredmedia":[{"embeddable":true,"href":"https:\/\/www.pvs-feldschloesschen.ch\/fr\/wp-json\/wp\/v2\/media\/68"}],"wp:attachment":[{"href":"https:\/\/www.pvs-feldschloesschen.ch\/fr\/wp-json\/wp\/v2\/media?parent=436"}],"curies":[{"name":"wp","href":"https:\/\/api.w.org\/{rel}","templated":true}]}}