{"id":442,"date":"2015-08-18T17:02:14","date_gmt":"2015-08-18T15:02:14","guid":{"rendered":"http:\/\/www.pvs-feldschloesschen.ch\/?page_id=442"},"modified":"2023-12-25T14:52:31","modified_gmt":"2023-12-25T13:52:31","slug":"retraite-et-prestations-de-vieillesse","status":"publish","type":"page","link":"https:\/\/www.pvs-feldschloesschen.ch\/fr\/cotisations-et-prestations\/retraite-et-prestations-de-vieillesse\/","title":{"rendered":"Retraite et prestations de vieillesse"},"content":{"rendered":"<p>Les prestations auxquelles vous avez droit \u00e0 vie une fois \u00e0 la retraite constituent l\u2019\u00e9l\u00e9ment central de toute caisse de pension. L&rsquo;\u00e2ge de r\u00e9f\u00e9rence est atteint le 1er jour du mois qui suit le 65e anniversaire. Un d\u00e9part anticip\u00e9 \u00e0 la retraite est possible \u00e0 partir de 58 ans. Si vous souhaitez continuer \u00e0 travailler au-del\u00e0 de l\u2019\u00e2ge de r\u00e9f\u00e9rence, vous pouvez demander le maintien de votre pr\u00e9voyance jusqu\u2019\u00e0 cessation de votre activit\u00e9 lucrative, toutefois au plus tard jusqu\u2019\u00e0 l\u2019\u00e2ge de 70 ans.<\/p>\n<p>Le montant de votre rente de vieillesse viag\u00e8re d\u00e9pend de votre avoir de vieillesse au moment de l\u2019\u00e2ge ordinaire de la retraite ou de votre d\u00e9part anticip\u00e9 \u00e0 la retraite, ainsi que du taux de conversion valable \u00e0 ce moment-l\u00e0. L\u2019exemple de calcul ci-dessous se base sur un d\u00e9part \u00e0 la retraite \u00e0 l\u2019\u00e2ge de r\u00e9f\u00e9rence:<\/p>\n<ul>\n<li>avoir de vieillesse x taux de conversion = rente de vieillesse annuelle<\/li>\n<li>500 000 SFr. x 5,1% = 25 500 SFr.<\/li>\n<\/ul>\n<p>En lieu et place d\u2019une rente de vieillesse, vous pouvez demander une prestation en capital d\u2019une partie ou de la totalit\u00e9 de votre avoir de vieillesse. Vous avez cette possibilit\u00e9 au plus t\u00f4t le premier jour du mois suivant l&rsquo;\u00e2ge de 58 ans r\u00e9volus et sous r\u00e9serve d\u2019une communication \u00e9crite deux mois au pr\u00e9alable \u00e0 la <i>Personalvorsorgestiftung der Feldschl\u00f6sschen-Getr\u00e4nkegruppe<\/i>. Si vous \u00eates int\u00e9ress\u00e9, nous vous remettons volontiers un formulaire d\u2019annonce \u00e0 cet effet. Une fois l\u2019\u00e2ge ordinaire de la retraite atteint, vous n\u2019aurez plus la possibilit\u00e9 d\u2019opter pour une prestation en capital.<\/p>\n<p>En cas de d\u00e9c\u00e8s apr\u00e8s votre d\u00e9part \u00e0 la retraite, la rente servie \u00e0 votre conjoint survivant ou \u00e0 votre partenaire enregistr\u00e9 s\u2019\u00e9l\u00e8ve \u00e0 70% de votre rente de vieillesse. Vos enfants survivants touchent une rente \u00e0 hauteur de 20% de votre rente de vieillesse jusqu\u2019\u00e0 l\u2019\u00e2ge de 18 ans, et s\u2019ils sont en formation jusqu\u2019\u00e0 l\u2019\u00e2ge de 25 ans.<\/p>\n","protected":false},"excerpt":{"rendered":"<p>Les prestations auxquelles vous avez droit \u00e0 vie une fois \u00e0 la retraite constituent l\u2019\u00e9l\u00e9ment central de toute caisse de pension. L&rsquo;\u00e2ge de r\u00e9f\u00e9rence est atteint le 1er jour du mois qui suit le 65e anniversaire. Un d\u00e9part anticip\u00e9 \u00e0 la retraite est possible \u00e0 partir de 58 ans. Si vous souhaitez continuer \u00e0 travailler [&hellip;]<\/p>\n","protected":false},"author":1,"featured_media":64,"parent":350,"menu_order":103,"comment_status":"closed","ping_status":"closed","template":"","meta":{"_acf_changed":false,"footnotes":""},"class_list":["post-442","page","type-page","status-publish","has-post-thumbnail","hentry"],"acf":[],"_links":{"self":[{"href":"https:\/\/www.pvs-feldschloesschen.ch\/fr\/wp-json\/wp\/v2\/pages\/442","targetHints":{"allow":["GET"]}}],"collection":[{"href":"https:\/\/www.pvs-feldschloesschen.ch\/fr\/wp-json\/wp\/v2\/pages"}],"about":[{"href":"https:\/\/www.pvs-feldschloesschen.ch\/fr\/wp-json\/wp\/v2\/types\/page"}],"author":[{"embeddable":true,"href":"https:\/\/www.pvs-feldschloesschen.ch\/fr\/wp-json\/wp\/v2\/users\/1"}],"replies":[{"embeddable":true,"href":"https:\/\/www.pvs-feldschloesschen.ch\/fr\/wp-json\/wp\/v2\/comments?post=442"}],"version-history":[{"count":10,"href":"https:\/\/www.pvs-feldschloesschen.ch\/fr\/wp-json\/wp\/v2\/pages\/442\/revisions"}],"predecessor-version":[{"id":3309,"href":"https:\/\/www.pvs-feldschloesschen.ch\/fr\/wp-json\/wp\/v2\/pages\/442\/revisions\/3309"}],"up":[{"embeddable":true,"href":"https:\/\/www.pvs-feldschloesschen.ch\/fr\/wp-json\/wp\/v2\/pages\/350"}],"wp:featuredmedia":[{"embeddable":true,"href":"https:\/\/www.pvs-feldschloesschen.ch\/fr\/wp-json\/wp\/v2\/media\/64"}],"wp:attachment":[{"href":"https:\/\/www.pvs-feldschloesschen.ch\/fr\/wp-json\/wp\/v2\/media?parent=442"}],"curies":[{"name":"wp","href":"https:\/\/api.w.org\/{rel}","templated":true}]}}