{"id":454,"date":"2015-08-18T17:04:13","date_gmt":"2015-08-18T15:04:13","guid":{"rendered":"http:\/\/www.pvs-feldschloesschen.ch\/?page_id=454"},"modified":"2015-08-19T09:27:13","modified_gmt":"2015-08-19T07:27:13","slug":"encouragement-a-la-propriete-du-logement","status":"publish","type":"page","link":"https:\/\/www.pvs-feldschloesschen.ch\/fr\/cotisations-et-prestations\/encouragement-a-la-propriete-du-logement\/","title":{"rendered":"Encouragement \u00e0 la propri\u00e9t\u00e9 du logement"},"content":{"rendered":"<p>La loi f\u00e9d\u00e9rale sur la pr\u00e9voyance professionnelle vieillesse, survivants et invalidit\u00e9 (LPP) encourage l\u2019achat d\u2019un logement en propri\u00e9t\u00e9. En d\u2019autres termes, elle autorise le versement anticip\u00e9 de votre avoir de vieillesse pour l\u2019achat d\u2019un logement en propri\u00e9t\u00e9, la construction d\u2019un logement pour vos propres besoins ou pour le remboursement de pr\u00eats hypoth\u00e9caires.<\/p>\n<p>Si vous poss\u00e9dez un avoir de 20 000 SFr. au moins sur votre compte de vieillesse, vous pouvez demander le versement anticip\u00e9 ou la mise en gage (garantie aupr\u00e8s d\u2019une banque) d\u2019un montant jusqu\u2019\u00e0 concurrence de\u00a0votre avoir de pr\u00e9voyance pour un logement que vous allez utiliser personnellement. A partir de votre 50<sup>e<\/sup> anniversaire, le montant autoris\u00e9 est d\u00e9termin\u00e9 par une disposition l\u00e9gale.<\/p>\n<p>En cas de versement anticip\u00e9, votre avoir de vieillesse sera diminu\u00e9 en fonction du r\u00e8glement de la <i>Personalvorsorgestiftung der Feldschl\u00f6sschen-Getr\u00e4nkegruppe<\/i>. Si vos prestations \u00e0 l\u2019\u00e2ge ordinaire de la retraite seront elles aussi r\u00e9duites en cons\u00e9quence, vos prestations de risques en cas d\u2019invalidit\u00e9 ou de d\u00e9c\u00e8s ne seront pas concern\u00e9es par cette r\u00e9duction.<\/p>\n<p>Si votre avoir de vieillesse n\u2019est pas imposable, tout versement anticip\u00e9 est soumis, la premi\u00e8re ann\u00e9e, \u00e0 un taux d\u2019imposition r\u00e9duit pour prestations en capital, et sera ensuite impos\u00e9 en tant que partie de votre fortune.<\/p>\n","protected":false},"excerpt":{"rendered":"<p>La loi f\u00e9d\u00e9rale sur la pr\u00e9voyance professionnelle vieillesse, survivants et invalidit\u00e9 (LPP) encourage l\u2019achat d\u2019un logement en propri\u00e9t\u00e9. En d\u2019autres termes, elle autorise le versement anticip\u00e9 de votre avoir de vieillesse pour l\u2019achat d\u2019un logement en propri\u00e9t\u00e9, la construction d\u2019un logement pour vos propres besoins ou pour le remboursement de pr\u00eats hypoth\u00e9caires. Si vous poss\u00e9dez [&hellip;]<\/p>\n","protected":false},"author":1,"featured_media":60,"parent":350,"menu_order":58,"comment_status":"closed","ping_status":"closed","template":"","meta":{"_acf_changed":false,"footnotes":""},"class_list":["post-454","page","type-page","status-publish","has-post-thumbnail","hentry"],"acf":[],"_links":{"self":[{"href":"https:\/\/www.pvs-feldschloesschen.ch\/fr\/wp-json\/wp\/v2\/pages\/454","targetHints":{"allow":["GET"]}}],"collection":[{"href":"https:\/\/www.pvs-feldschloesschen.ch\/fr\/wp-json\/wp\/v2\/pages"}],"about":[{"href":"https:\/\/www.pvs-feldschloesschen.ch\/fr\/wp-json\/wp\/v2\/types\/page"}],"author":[{"embeddable":true,"href":"https:\/\/www.pvs-feldschloesschen.ch\/fr\/wp-json\/wp\/v2\/users\/1"}],"replies":[{"embeddable":true,"href":"https:\/\/www.pvs-feldschloesschen.ch\/fr\/wp-json\/wp\/v2\/comments?post=454"}],"version-history":[{"count":3,"href":"https:\/\/www.pvs-feldschloesschen.ch\/fr\/wp-json\/wp\/v2\/pages\/454\/revisions"}],"predecessor-version":[{"id":548,"href":"https:\/\/www.pvs-feldschloesschen.ch\/fr\/wp-json\/wp\/v2\/pages\/454\/revisions\/548"}],"up":[{"embeddable":true,"href":"https:\/\/www.pvs-feldschloesschen.ch\/fr\/wp-json\/wp\/v2\/pages\/350"}],"wp:featuredmedia":[{"embeddable":true,"href":"https:\/\/www.pvs-feldschloesschen.ch\/fr\/wp-json\/wp\/v2\/media\/60"}],"wp:attachment":[{"href":"https:\/\/www.pvs-feldschloesschen.ch\/fr\/wp-json\/wp\/v2\/media?parent=454"}],"curies":[{"name":"wp","href":"https:\/\/api.w.org\/{rel}","templated":true}]}}