{"id":460,"date":"2015-08-18T17:05:05","date_gmt":"2015-08-18T15:05:05","guid":{"rendered":"http:\/\/www.pvs-feldschloesschen.ch\/?page_id=460"},"modified":"2016-02-10T14:50:48","modified_gmt":"2016-02-10T13:50:48","slug":"rachats-facultatifs","status":"publish","type":"page","link":"https:\/\/www.pvs-feldschloesschen.ch\/fr\/cotisations-et-prestations\/rachats-facultatifs\/","title":{"rendered":"Rachats facultatifs"},"content":{"rendered":"<p>Vous pouvez combler vos lacunes de cotisations en effectuant des rachats facultatifs. Il est judicieux de l\u2019envisager si vous souhaitez b\u00e9n\u00e9ficier d\u2019une pr\u00e9voyance aussi compl\u00e8te que possible, ainsi que des avantages y li\u00e9s, notamment du point de vue fiscal, puisque les rachats peuvent \u00eatre d\u00e9duits du revenu imposable. Tout rachat facultatif vous permet d\u2019augmenter vos prestations de vieillesse. Voici d\u2019o\u00f9 pourraient provenir vos lacunes de cotisations:<\/p>\n<ul>\n<li>de p\u00e9riodes prolong\u00e9es sans activit\u00e9 lucrative, par exemple pour vous d\u00e9dier \u00e0 l\u2019\u00e9ducation de vos enfants, \u00e0 l\u2019encadrement de vos proches ou \u00e0 vos \u00e9tudes,<\/li>\n<li>d\u2019une p\u00e9riode d\u2019activit\u00e9 ind\u00e9pendante durant laquelle vous n\u2019avez pas \u00e9t\u00e9 tenu de verser des cotisations au deuxi\u00e8me pilier,<\/li>\n<li>de votre divorce, notamment pour les femmes,<\/li>\n<li>de votre passage \u00e0 un salaire sensiblement plus \u00e9lev\u00e9,<\/li>\n<li>de votre \u00e9tablissement tardif en Suisse.<\/li>\n<\/ul>\n<p>Lorsque vous effectuez des versements facultatifs, durant trois ans, vous ne pouvez pas demander leur restitution sous forme de prestations en capital. Avant de pouvoir proc\u00e9der \u00e0 un rachat, vous devez avoir enti\u00e8rement combl\u00e9 tout \u00e9ventuel versement anticip\u00e9 obtenu pour l\u2019achat d\u2019un logement en propri\u00e9t\u00e9. Cette particularit\u00e9 li\u00e9e aux versements facultatifs est \u00e9galement stipul\u00e9e dans la loi f\u00e9d\u00e9rale sur la pr\u00e9voyance professionnelle vieillesse, survivants et invalidit\u00e9 (LPP).<\/p>\n<p><strong>Des rachats sont possibles \u00e0 tout moment, mais doivent cependant toujours \u00eatre effectu\u00e9s, au plus tard d\u00e9but d\u00e9cembre d&rsquo;une ann\u00e9e calendaire afin de pouvoir \u00eatre trait\u00e9s dans le cadre de l&rsquo;ann\u00e9e fiscale correspondante.<\/strong><\/p>\n","protected":false},"excerpt":{"rendered":"<p>Vous pouvez combler vos lacunes de cotisations en effectuant des rachats facultatifs. Il est judicieux de l\u2019envisager si vous souhaitez b\u00e9n\u00e9ficier d\u2019une pr\u00e9voyance aussi compl\u00e8te que possible, ainsi que des avantages y li\u00e9s, notamment du point de vue fiscal, puisque les rachats peuvent \u00eatre d\u00e9duits du revenu imposable. Tout rachat facultatif vous permet d\u2019augmenter vos [&hellip;]<\/p>\n","protected":false},"author":1,"featured_media":0,"parent":350,"menu_order":60,"comment_status":"closed","ping_status":"closed","template":"","meta":{"_acf_changed":false,"footnotes":""},"class_list":["post-460","page","type-page","status-publish","hentry"],"acf":[],"_links":{"self":[{"href":"https:\/\/www.pvs-feldschloesschen.ch\/fr\/wp-json\/wp\/v2\/pages\/460","targetHints":{"allow":["GET"]}}],"collection":[{"href":"https:\/\/www.pvs-feldschloesschen.ch\/fr\/wp-json\/wp\/v2\/pages"}],"about":[{"href":"https:\/\/www.pvs-feldschloesschen.ch\/fr\/wp-json\/wp\/v2\/types\/page"}],"author":[{"embeddable":true,"href":"https:\/\/www.pvs-feldschloesschen.ch\/fr\/wp-json\/wp\/v2\/users\/1"}],"replies":[{"embeddable":true,"href":"https:\/\/www.pvs-feldschloesschen.ch\/fr\/wp-json\/wp\/v2\/comments?post=460"}],"version-history":[{"count":3,"href":"https:\/\/www.pvs-feldschloesschen.ch\/fr\/wp-json\/wp\/v2\/pages\/460\/revisions"}],"predecessor-version":[{"id":1016,"href":"https:\/\/www.pvs-feldschloesschen.ch\/fr\/wp-json\/wp\/v2\/pages\/460\/revisions\/1016"}],"up":[{"embeddable":true,"href":"https:\/\/www.pvs-feldschloesschen.ch\/fr\/wp-json\/wp\/v2\/pages\/350"}],"wp:attachment":[{"href":"https:\/\/www.pvs-feldschloesschen.ch\/fr\/wp-json\/wp\/v2\/media?parent=460"}],"curies":[{"name":"wp","href":"https:\/\/api.w.org\/{rel}","templated":true}]}}