{"id":490,"date":"2015-08-18T17:09:49","date_gmt":"2015-08-18T15:09:49","guid":{"rendered":"http:\/\/www.pvs-feldschloesschen.ch\/?page_id=490"},"modified":"2025-09-16T16:58:03","modified_gmt":"2025-09-16T14:58:03","slug":"formulaires","status":"publish","type":"page","link":"https:\/\/www.pvs-feldschloesschen.ch\/fr\/reglements-et-formulaires\/formulaires\/","title":{"rendered":"Formulaires"},"content":{"rendered":"<ul>\n<li><a href=\"https:\/\/www.pvs-feldschloesschen.ch\/wp-content\/uploads\/2025\/08\/WEB_Wahl_Beitragshoehe_fr.pdf\" target=\"_blank\" rel=\"noopener\">Choix de cotisation<\/a><\/li>\n<li><a href=\"https:\/\/www.pvs-feldschloesschen.ch\/wp-content\/uploads\/2025\/08\/WEB_Einkaufserklaerung_fr.pdf\" target=\"_blank\" rel=\"noopener\">D\u00e9claration de rachat<\/a><\/li>\n<li><a href=\"https:\/\/www.pvs-feldschloesschen.ch\/wp-content\/uploads\/2025\/09\/WEB_Lebenspartnerrente_fr.pdf\" target=\"_blank\" rel=\"noopener\">Rente de partenaire &#8211; Convention<\/a><\/li>\n<li><a href=\"http:\/\/www.pvs-feldschloesschen.ch\/wp-content\/uploads\/2019\/12\/Notice-relative-au-droit-\u00e0-la-rente-de-partenaire.pdf\" target=\"_blank\" rel=\"noopener\">Rente de partenaire &#8211; Notice<\/a><\/li>\n<li><a href=\"https:\/\/www.pvs-feldschloesschen.ch\/wp-content\/uploads\/2025\/08\/WEB_WEF_Antrag_WEF-Vorbezug_fr.pdf\" target=\"_blank\" rel=\"noopener\">Propri\u00e9t\u00e9 du logement &#8211; Demande de versement anticip\u00e9<\/a><\/li>\n<li><a href=\"https:\/\/www.pvs-feldschloesschen.ch\/wp-content\/uploads\/2025\/08\/WEB_WEF_Antrag_WEF-Vorbezug_Anhang_fr.pdf\" target=\"_blank\" rel=\"noopener\">Propri\u00e9t\u00e9 du logement &#8211; Annexe \u00e0 la demande de versement anticip\u00e9<\/a><\/li>\n<li><a href=\"https:\/\/www.pvs-feldschloesschen.ch\/wp-content\/uploads\/2025\/08\/WEB_WEF_Antrag_Verpfaendung_fr.pdf\" target=\"_blank\" rel=\"noopener\">Propri\u00e9t\u00e9 du logement &#8211; Demande de mise en gage<\/a><\/li>\n<li><a href=\"https:\/\/www.pvs-feldschloesschen.ch\/wp-content\/uploads\/2025\/08\/WEB_WEF_Antrag_Verpfaendung_Anhang_fr.pdf\" target=\"_blank\" rel=\"noopener\">Propri\u00e9t\u00e9 du logement &#8211; Annexe \u00e0 la demande de mise en gage<\/a><\/li>\n<\/ul>\n<p>\u00a0<\/p>\n<ul>\n<li><a href=\"https:\/\/www.pvs-feldschloesschen.ch\/wp-content\/uploads\/2025\/08\/WEB_Altersfallmeldung_Pensionierungsmeldung_fr.pdf\" target=\"_blank\" rel=\"noopener\">Annonce de retraite<\/a><\/li>\n<li><a href=\"https:\/\/www.pvs-feldschloesschen.ch\/wp-content\/uploads\/2025\/09\/Merkblatt-f-Rentner_PVS-FGG_F_20250829.pdf\" target=\"_blank\" rel=\"noopener\">Notice \u00e0 l&rsquo;attention des b\u00e9n\u00e9ficiaires de rentes<\/a><\/li>\n<\/ul>\n\n\n<p><\/p>\n","protected":false},"excerpt":{"rendered":"<p>Choix de cotisation D\u00e9claration de rachat Rente de partenaire &#8211; Convention Rente de partenaire &#8211; Notice Propri\u00e9t\u00e9 du logement &#8211; Demande de versement anticip\u00e9 Propri\u00e9t\u00e9 du logement &#8211; Annexe \u00e0 la demande de versement anticip\u00e9 Propri\u00e9t\u00e9 du logement &#8211; Demande de mise en gage Propri\u00e9t\u00e9 du logement &#8211; Annexe \u00e0 la demande de mise en [&hellip;]<\/p>\n","protected":false},"author":1,"featured_media":66,"parent":356,"menu_order":123,"comment_status":"closed","ping_status":"closed","template":"","meta":{"_acf_changed":false,"footnotes":""},"class_list":["post-490","page","type-page","status-publish","has-post-thumbnail","hentry"],"acf":[],"_links":{"self":[{"href":"https:\/\/www.pvs-feldschloesschen.ch\/fr\/wp-json\/wp\/v2\/pages\/490","targetHints":{"allow":["GET"]}}],"collection":[{"href":"https:\/\/www.pvs-feldschloesschen.ch\/fr\/wp-json\/wp\/v2\/pages"}],"about":[{"href":"https:\/\/www.pvs-feldschloesschen.ch\/fr\/wp-json\/wp\/v2\/types\/page"}],"author":[{"embeddable":true,"href":"https:\/\/www.pvs-feldschloesschen.ch\/fr\/wp-json\/wp\/v2\/users\/1"}],"replies":[{"embeddable":true,"href":"https:\/\/www.pvs-feldschloesschen.ch\/fr\/wp-json\/wp\/v2\/comments?post=490"}],"version-history":[{"count":20,"href":"https:\/\/www.pvs-feldschloesschen.ch\/fr\/wp-json\/wp\/v2\/pages\/490\/revisions"}],"predecessor-version":[{"id":4522,"href":"https:\/\/www.pvs-feldschloesschen.ch\/fr\/wp-json\/wp\/v2\/pages\/490\/revisions\/4522"}],"up":[{"embeddable":true,"href":"https:\/\/www.pvs-feldschloesschen.ch\/fr\/wp-json\/wp\/v2\/pages\/356"}],"wp:featuredmedia":[{"embeddable":true,"href":"https:\/\/www.pvs-feldschloesschen.ch\/fr\/wp-json\/wp\/v2\/media\/66"}],"wp:attachment":[{"href":"https:\/\/www.pvs-feldschloesschen.ch\/fr\/wp-json\/wp\/v2\/media?parent=490"}],"curies":[{"name":"wp","href":"https:\/\/api.w.org\/{rel}","templated":true}]}}