{"id":319,"date":"2015-08-18T15:11:35","date_gmt":"2015-08-18T13:11:35","guid":{"rendered":"http:\/\/www.pvs-feldschloesschen.ch\/?page_id=319"},"modified":"2026-04-14T11:30:03","modified_gmt":"2026-04-14T09:30:03","slug":"investimenti-patrimoniali","status":"publish","type":"page","link":"https:\/\/www.pvs-feldschloesschen.ch\/it\/in-evidenza\/investimenti-patrimoniali\/","title":{"rendered":"Investimenti patrimoniali"},"content":{"rendered":"\n<div style=\"height:50px\" aria-hidden=\"true\" class=\"wp-block-spacer\"><\/div>\n\n\n<p><img loading=\"lazy\" decoding=\"async\" class=\"wp-image-2772 size-full alignnone\" src=\"https:\/\/www.pvs-feldschloesschen.ch\/wp-content\/uploads\/2022\/11\/IT.png\" alt=\"\" width=\"629\" height=\"363\" srcset=\"https:\/\/www.pvs-feldschloesschen.ch\/wp-content\/uploads\/2022\/11\/IT.png 629w, https:\/\/www.pvs-feldschloesschen.ch\/wp-content\/uploads\/2022\/11\/IT-300x173.png 300w, https:\/\/www.pvs-feldschloesschen.ch\/wp-content\/uploads\/2022\/11\/IT-312x180.png 312w\" sizes=\"auto, (max-width: 629px) 100vw, 629px\" \/><\/p>\n<p><strong>Esperto in investimenti \/ Investment Controlling<br \/><\/strong>PPCmetrics AG, Badenerstrasse 6, 8021 Zurigo<\/p>\n<p><strong>Deposito centrale<br \/><\/strong><span data-olk-copy-source=\"MessageBody\"> UBS (Switzerland) AG<\/span>, Zurigo<\/p>\n<p><strong>Gestori patrimoniali<br \/><\/strong><span data-olk-copy-source=\"MessageBody\"> UBS (Switzerland) AG<\/span> &#8211; Obbligazioni Svizzera<br \/><span data-olk-copy-source=\"MessageBody\"> UBS (Switzerland) AG<\/span> &#8211; Obbligazioni valuta estera hedged<br \/><span data-olk-copy-source=\"MessageBody\"> UBS (Switzerland) AG<\/span> &#8211; Azioni Svizzera<br \/><span data-olk-copy-source=\"MessageBody\"> UBS (Switzerland) AG<\/span> &#8211; Azioni estero hedged<br \/><span data-olk-copy-source=\"MessageBody\"> UBS (Switzerland) AG<\/span> &#8211; Azioni estero Small Cap<br \/><span data-olk-copy-source=\"MessageBody\"> UBS (Switzerland) AG<\/span> &#8211; Azioni Emerging Markets<br \/>Swisscanto Fondazione d\u2019investimento Immobiliare<br \/>Cit\u00e9 du L\u00e9vant &#8211; Immobili<\/p>\n<p><strong>Ordinanza contro le retribuzioni abusive nelle societ\u00e0 anonime quotate in borsa (OReSA)<\/strong><br \/>L&#8217;ordinanza, entrata in vigore il 1\u00b0 gennaio 2014, obbliga gli istituti di previdenza a esercitare il proprio diritto di voto per le azioni che detengono direttamente e a riferire in modo dettagliato sui voti. Il capitale della &#8220;Personalvorsorgestiftung der Feldschl\u00f6sschen-Getr\u00e4nkegruppe&#8221; \u00e8 investito solo collettivamente. La Fondazione non detiene quindi investimenti sottoposti all&#8217;OReSA ed \u00e8 esonerata dall&#8217;obbligo di voto.<\/p>","protected":false},"excerpt":{"rendered":"<p>Esperto in investimenti \/ Investment ControllingPPCmetrics AG, Badenerstrasse 6, 8021 Zurigo Deposito centrale UBS (Switzerland) AG, Zurigo Gestori patrimoniali UBS (Switzerland) AG &#8211; Obbligazioni Svizzera UBS (Switzerland) AG &#8211; Obbligazioni valuta estera hedged UBS (Switzerland) AG &#8211; Azioni Svizzera UBS (Switzerland) AG &#8211; Azioni estero hedged UBS (Switzerland) AG &#8211; Azioni estero Small Cap UBS [&hellip;]<\/p>\n","protected":false},"author":1,"featured_media":59,"parent":83,"menu_order":30,"comment_status":"closed","ping_status":"closed","template":"","meta":{"_acf_changed":false,"footnotes":""},"class_list":["post-319","page","type-page","status-publish","has-post-thumbnail","hentry"],"acf":[],"_links":{"self":[{"href":"https:\/\/www.pvs-feldschloesschen.ch\/it\/wp-json\/wp\/v2\/pages\/319","targetHints":{"allow":["GET"]}}],"collection":[{"href":"https:\/\/www.pvs-feldschloesschen.ch\/it\/wp-json\/wp\/v2\/pages"}],"about":[{"href":"https:\/\/www.pvs-feldschloesschen.ch\/it\/wp-json\/wp\/v2\/types\/page"}],"author":[{"embeddable":true,"href":"https:\/\/www.pvs-feldschloesschen.ch\/it\/wp-json\/wp\/v2\/users\/1"}],"replies":[{"embeddable":true,"href":"https:\/\/www.pvs-feldschloesschen.ch\/it\/wp-json\/wp\/v2\/comments?post=319"}],"version-history":[{"count":9,"href":"https:\/\/www.pvs-feldschloesschen.ch\/it\/wp-json\/wp\/v2\/pages\/319\/revisions"}],"predecessor-version":[{"id":4604,"href":"https:\/\/www.pvs-feldschloesschen.ch\/it\/wp-json\/wp\/v2\/pages\/319\/revisions\/4604"}],"up":[{"embeddable":true,"href":"https:\/\/www.pvs-feldschloesschen.ch\/it\/wp-json\/wp\/v2\/pages\/83"}],"wp:featuredmedia":[{"embeddable":true,"href":"https:\/\/www.pvs-feldschloesschen.ch\/it\/wp-json\/wp\/v2\/media\/59"}],"wp:attachment":[{"href":"https:\/\/www.pvs-feldschloesschen.ch\/it\/wp-json\/wp\/v2\/media?parent=319"}],"curies":[{"name":"wp","href":"https:\/\/api.w.org\/{rel}","templated":true}]}}