{"id":394,"date":"2015-08-18T16:26:50","date_gmt":"2015-08-18T14:26:50","guid":{"rendered":"http:\/\/www.pvs-feldschloesschen.ch\/?page_id=394"},"modified":"2015-11-03T15:39:29","modified_gmt":"2015-11-03T14:39:29","slug":"aziende-affiliate","status":"publish","type":"page","link":"https:\/\/www.pvs-feldschloesschen.ch\/it\/chi-siamo\/aziende-affiliate\/","title":{"rendered":"Aziende affiliate"},"content":{"rendered":"<p>Feldschl\u00f6sschen Getr\u00e4nke AG<br \/>\nFeldschl\u00f6sschen Supply Company AG<br \/>\n<a href=\"http:\/\/www.feldschloesschen.ch\" target=\"_blank\">www.feldschl\u00f6sschen.ch<\/a><\/p>\n<p>Carlsberg Supply Company AG<br \/>\n<a href=\"http:\/\/www.carlsberggroup.com\" target=\"_blank\">www.carlsberggroup.com<\/a><\/p>\n","protected":false},"excerpt":{"rendered":"<p>Feldschl\u00f6sschen Getr\u00e4nke AG Feldschl\u00f6sschen Supply Company AG www.feldschl\u00f6sschen.ch Carlsberg Supply Company AG www.carlsberggroup.com<\/p>\n","protected":false},"author":1,"featured_media":63,"parent":346,"menu_order":23,"comment_status":"closed","ping_status":"closed","template":"","meta":{"_acf_changed":false,"footnotes":""},"class_list":["post-394","page","type-page","status-publish","has-post-thumbnail","hentry"],"acf":[],"_links":{"self":[{"href":"https:\/\/www.pvs-feldschloesschen.ch\/it\/wp-json\/wp\/v2\/pages\/394","targetHints":{"allow":["GET"]}}],"collection":[{"href":"https:\/\/www.pvs-feldschloesschen.ch\/it\/wp-json\/wp\/v2\/pages"}],"about":[{"href":"https:\/\/www.pvs-feldschloesschen.ch\/it\/wp-json\/wp\/v2\/types\/page"}],"author":[{"embeddable":true,"href":"https:\/\/www.pvs-feldschloesschen.ch\/it\/wp-json\/wp\/v2\/users\/1"}],"replies":[{"embeddable":true,"href":"https:\/\/www.pvs-feldschloesschen.ch\/it\/wp-json\/wp\/v2\/comments?post=394"}],"version-history":[{"count":4,"href":"https:\/\/www.pvs-feldschloesschen.ch\/it\/wp-json\/wp\/v2\/pages\/394\/revisions"}],"predecessor-version":[{"id":895,"href":"https:\/\/www.pvs-feldschloesschen.ch\/it\/wp-json\/wp\/v2\/pages\/394\/revisions\/895"}],"up":[{"embeddable":true,"href":"https:\/\/www.pvs-feldschloesschen.ch\/it\/wp-json\/wp\/v2\/pages\/346"}],"wp:featuredmedia":[{"embeddable":true,"href":"https:\/\/www.pvs-feldschloesschen.ch\/it\/wp-json\/wp\/v2\/media\/63"}],"wp:attachment":[{"href":"https:\/\/www.pvs-feldschloesschen.ch\/it\/wp-json\/wp\/v2\/media?parent=394"}],"curies":[{"name":"wp","href":"https:\/\/api.w.org\/{rel}","templated":true}]}}