{"id":450,"date":"2015-08-18T17:03:28","date_gmt":"2015-08-18T15:03:28","guid":{"rendered":"http:\/\/www.pvs-feldschloesschen.ch\/?page_id=450"},"modified":"2015-08-19T09:24:20","modified_gmt":"2015-08-19T07:24:20","slug":"prestazioni-di-rischio-invalidita-e-decesso","status":"publish","type":"page","link":"https:\/\/www.pvs-feldschloesschen.ch\/it\/contributi-e-prestazioni\/prestazioni-di-rischio-invalidita-e-decesso\/","title":{"rendered":"Prestazioni di rischio (invalidit\u00e0 e decesso)"},"content":{"rendered":"<p>La <i>Personalvorsorgestiftung der Feldschl\u00f6sschen-Getr\u00e4nkegruppe<\/i> copre i rischi di decesso e invalidit\u00e0 che si verificano prima del pensionamento. In caso di invalidit\u00e0 sono assicurate le seguenti prestazioni:<\/p>\n<ul>\n<li>la rendita d\u2019invalidit\u00e0 ammonta al massimo al 70% del salario assicurato, a seconda del grado d\u2019invalidit\u00e0;<\/li>\n<li>la rendita per i figli del beneficiario di una rendita d\u2019invalidit\u00e0 ammonta al 12% del salario assicurato. Viene versata in caso d\u2019invalidit\u00e0 ai figli fino al 18\u00b0 anno d\u2019et\u00e0, in caso di formazione fino al 25\u00b0 anno d\u2019et\u00e0.<\/li>\n<\/ul>\n<p>In caso di decesso prima del pensionamento, la <i>Personalvorsorgestiftung der Feldschl\u00f6sschen-Getr\u00e4nkegruppe<\/i> fornisce le seguenti prestazioni:<\/p>\n<ul>\n<li>i coniugi superstiti o partner conviventi ricevono una rendita pari al 50% del salario assicurato. Il vostro coniuge superstite, il partner registrato o il partner convivente annunciato per iscritto alla cassa pensioni ha diritto a una rendita o un capitale in caso di decesso. Se il partner superstite si risposa il diritto alla rendita si estingue;<\/li>\n<li>la rendita per orfani ammonta al 12% del salario assicurato. Viene versata ai figli fino al 18\u00b0 anno d\u2019et\u00e0, in caso di formazione fino al 25\u00b0 anno d\u2019et\u00e0.<\/li>\n<\/ul>\n<p>In caso di decesso dopo il pensionamento al posto delle prestazioni di rischio vengono versate le prestazioni di vecchiaia.<\/p>\n","protected":false},"excerpt":{"rendered":"<p>La Personalvorsorgestiftung der Feldschl\u00f6sschen-Getr\u00e4nkegruppe copre i rischi di decesso e invalidit\u00e0 che si verificano prima del pensionamento. In caso di invalidit\u00e0 sono assicurate le seguenti prestazioni: la rendita d\u2019invalidit\u00e0 ammonta al massimo al 70% del salario assicurato, a seconda del grado d\u2019invalidit\u00e0; la rendita per i figli del beneficiario di una rendita d\u2019invalidit\u00e0 ammonta al [&hellip;]<\/p>\n","protected":false},"author":1,"featured_media":66,"parent":352,"menu_order":49,"comment_status":"closed","ping_status":"closed","template":"","meta":{"_acf_changed":false,"footnotes":""},"class_list":["post-450","page","type-page","status-publish","has-post-thumbnail","hentry"],"acf":[],"_links":{"self":[{"href":"https:\/\/www.pvs-feldschloesschen.ch\/it\/wp-json\/wp\/v2\/pages\/450","targetHints":{"allow":["GET"]}}],"collection":[{"href":"https:\/\/www.pvs-feldschloesschen.ch\/it\/wp-json\/wp\/v2\/pages"}],"about":[{"href":"https:\/\/www.pvs-feldschloesschen.ch\/it\/wp-json\/wp\/v2\/types\/page"}],"author":[{"embeddable":true,"href":"https:\/\/www.pvs-feldschloesschen.ch\/it\/wp-json\/wp\/v2\/users\/1"}],"replies":[{"embeddable":true,"href":"https:\/\/www.pvs-feldschloesschen.ch\/it\/wp-json\/wp\/v2\/comments?post=450"}],"version-history":[{"count":3,"href":"https:\/\/www.pvs-feldschloesschen.ch\/it\/wp-json\/wp\/v2\/pages\/450\/revisions"}],"predecessor-version":[{"id":544,"href":"https:\/\/www.pvs-feldschloesschen.ch\/it\/wp-json\/wp\/v2\/pages\/450\/revisions\/544"}],"up":[{"embeddable":true,"href":"https:\/\/www.pvs-feldschloesschen.ch\/it\/wp-json\/wp\/v2\/pages\/352"}],"wp:featuredmedia":[{"embeddable":true,"href":"https:\/\/www.pvs-feldschloesschen.ch\/it\/wp-json\/wp\/v2\/media\/66"}],"wp:attachment":[{"href":"https:\/\/www.pvs-feldschloesschen.ch\/it\/wp-json\/wp\/v2\/media?parent=450"}],"curies":[{"name":"wp","href":"https:\/\/api.w.org\/{rel}","templated":true}]}}