{"id":456,"date":"2015-08-18T17:04:27","date_gmt":"2015-08-18T15:04:27","guid":{"rendered":"http:\/\/www.pvs-feldschloesschen.ch\/?page_id=456"},"modified":"2015-08-19T09:28:00","modified_gmt":"2015-08-19T07:28:00","slug":"promozione-della-proprieta-dabitazione","status":"publish","type":"page","link":"https:\/\/www.pvs-feldschloesschen.ch\/it\/contributi-e-prestazioni\/promozione-della-proprieta-dabitazione\/","title":{"rendered":"Promozione della propriet\u00e0 d&#8217;abitazione"},"content":{"rendered":"<p>La Legge federale sulla previdenza professionale per la vecchiaia, i superstiti e l\u2019invalidit\u00e0 (LPP) promuove l\u2019acquisto di propriet\u00e0 abitativa. Ci\u00f2 significa in altre parole che avete la possibilit\u00e0 di prelevare il vostro capitale di previdenza per l\u2019acquisto di propriet\u00e0 abitativa, la costruzione di un\u2019abitazione di propriet\u00e0 o il rimborso di un prestito ipotecario.<\/p>\n<p>Ogni persona assicurata che possiede almeno 20 000 franchi sul suo conto di vecchiaia pu\u00f2 ritirare o costituire in pegno, ovvero depositare in garanzia presso una banca, per la sua abitazione primaria un importo equivalente al suo avere presso la cassa pensione. A partire dai 50 anni d\u2019et\u00e0 l\u2019ammontare di questo importo \u00e8 limitato.<\/p>\n<p>In caso di prelievo anticipato il vostro avere di vecchiaia viene ridotto conformemente al regolamento della <i>Personalvorsorgestiftung der Feldschl\u00f6sschen-Getr\u00e4nkegruppe<\/i>. Anche le prestazioni a cui avete diritto al raggiungimento dell\u2019et\u00e0 di pensionamento si riducono di conseguenza. Le prestazioni di rischio in caso d\u2019invalidit\u00e0 o decesso non sono interessate da questa riduzione.<\/p>\n<p>Mentre l\u2019avere di risparmio non \u00e8 imponibile, il prelievo anticipato \u00e8 soggetto il primo anno a un\u2019aliquota d\u2019imposta ridotta per prestazioni in capitale; in seguito viene trattato come parte della sostanza.<\/p>\n","protected":false},"excerpt":{"rendered":"<p>La Legge federale sulla previdenza professionale per la vecchiaia, i superstiti e l\u2019invalidit\u00e0 (LPP) promuove l\u2019acquisto di propriet\u00e0 abitativa. Ci\u00f2 significa in altre parole che avete la possibilit\u00e0 di prelevare il vostro capitale di previdenza per l\u2019acquisto di propriet\u00e0 abitativa, la costruzione di un\u2019abitazione di propriet\u00e0 o il rimborso di un prestito ipotecario. Ogni persona [&hellip;]<\/p>\n","protected":false},"author":1,"featured_media":60,"parent":352,"menu_order":57,"comment_status":"closed","ping_status":"closed","template":"","meta":{"_acf_changed":false,"footnotes":""},"class_list":["post-456","page","type-page","status-publish","has-post-thumbnail","hentry"],"acf":[],"_links":{"self":[{"href":"https:\/\/www.pvs-feldschloesschen.ch\/it\/wp-json\/wp\/v2\/pages\/456","targetHints":{"allow":["GET"]}}],"collection":[{"href":"https:\/\/www.pvs-feldschloesschen.ch\/it\/wp-json\/wp\/v2\/pages"}],"about":[{"href":"https:\/\/www.pvs-feldschloesschen.ch\/it\/wp-json\/wp\/v2\/types\/page"}],"author":[{"embeddable":true,"href":"https:\/\/www.pvs-feldschloesschen.ch\/it\/wp-json\/wp\/v2\/users\/1"}],"replies":[{"embeddable":true,"href":"https:\/\/www.pvs-feldschloesschen.ch\/it\/wp-json\/wp\/v2\/comments?post=456"}],"version-history":[{"count":2,"href":"https:\/\/www.pvs-feldschloesschen.ch\/it\/wp-json\/wp\/v2\/pages\/456\/revisions"}],"predecessor-version":[{"id":549,"href":"https:\/\/www.pvs-feldschloesschen.ch\/it\/wp-json\/wp\/v2\/pages\/456\/revisions\/549"}],"up":[{"embeddable":true,"href":"https:\/\/www.pvs-feldschloesschen.ch\/it\/wp-json\/wp\/v2\/pages\/352"}],"wp:featuredmedia":[{"embeddable":true,"href":"https:\/\/www.pvs-feldschloesschen.ch\/it\/wp-json\/wp\/v2\/media\/60"}],"wp:attachment":[{"href":"https:\/\/www.pvs-feldschloesschen.ch\/it\/wp-json\/wp\/v2\/media?parent=456"}],"curies":[{"name":"wp","href":"https:\/\/api.w.org\/{rel}","templated":true}]}}